{"id":69,"date":"2014-02-22T16:08:04","date_gmt":"2014-02-22T15:08:04","guid":{"rendered":"http:\/\/tarifspostaux.info\/?page_id=69"},"modified":"2024-06-20T14:16:00","modified_gmt":"2024-06-20T14:16:00","slug":"tarifs-postaux","status":"publish","type":"page","link":"https:\/\/horaireslaposte.com\/info\/tarifs-postaux\/","title":{"rendered":"Tarifs Postaux 2024 : Timbres, Colis, Lettres&#8230;"},"content":{"rendered":"\n<p>Alors qu&rsquo;autrefois il \u00e9tait tr\u00e8s simple d&rsquo;<a href=\"\/courrier-france\/\">envoyer un courrier en France<\/a>, <a href=\"https:\/\/horaireslaposte.com\/info\/courrier-france\/\">\u00e0 l&rsquo;international<\/a> ou un colis, aujourd&rsquo;hui, c&rsquo;est devenu un v\u00e9ritable parcours du combattant. Entre la lettre verte, l&rsquo;ecopli, la lettre prioritaire, la lettre suivie, la lettre max, le pr\u00eat \u00e0 poster, le recommand\u00e9, etc. on ne sait pas trop quel affranchissement prendre. Presque chaque ann\u00e9e, La Poste cr\u00e9e d&rsquo;ailleurs de nouveaux services, en retire d&rsquo;autres et les tarifs postaux ne cessent de changer.<\/p>\n\n\n\n<p>\u00c9videmment, on s&rsquo;y perd rapidement, on ne sait plus quel service il faut prendre pour envoyer ses documents ou ses marchandises et on est malheureusement tr\u00e8s souvent mal conseill\u00e9 car les employ\u00e9s de La Poste eux-m\u00eames ne connaissent pas tous les produits qui sont propos\u00e9s par leur employeur.<\/p>\n\n\n\n<p>Vu la quantit\u00e9 de produits\/services, c&rsquo;est un peu normal, ils ne peuvent pas tout apprendre et se focalisent uniquement sur les plus demand\u00e9s. En g\u00e9n\u00e9ral, tous les employ\u00e9s connaissent par c\u0153ur le <a href=\"https:\/\/horaireslaposte.com\/info\/achat-timbres-enveloppes\/\">prix du timbre<\/a> prioritaire, mais plus de 70 % ne savent m\u00eame pas qu&rsquo;on peut envoyer des colis autrement qu&rsquo;en Colissimo et Chronopost.<\/p>\n\n\n\n<p>De plus, depuis quelques ann\u00e9es, le groupe La Poste se diversifie \u00e9norm\u00e9ment et le consommateur se retrouve davantage noy\u00e9 dans la masse d&rsquo;informations. Le monde change, le mod\u00e8le \u00e9conomique du groupe suit la tendance et cherche \u00e0 offrir de nouveaux produits et services \u00e0 ses clients.<\/p>\n\n\n\n<p>Cependant, ce qui est dommage, c&rsquo;est que lors d&rsquo;une recherche d&rsquo;information basique comme pour conna\u00eetre le prix du timbre vert, le timbre rouge, ou encore le <a href=\"https:\/\/horaireslaposte.com\/info\/colis-france\/\">prix du colis en France<\/a> et <a href=\"https:\/\/horaireslaposte.com\/info\/colis-international\/\">\u00e0 l&rsquo;international<\/a>\u00a0en 2024, on peut passer pas mal de temps \u00e0 d\u00e9cortiquer les tableaux fournis par le site de La Poste.<\/p>\n\n\n\n<p>Partant de ce simple constat, j&rsquo;ai d\u00e9cid\u00e9 en 2014 de cr\u00e9er ce site dont l&rsquo;objectif est de rendre plus clair l&rsquo;acc\u00e8s \u00e0 ces simples informations. Plus besoin de passer des heures \u00e0 chaque fois \u00e0 d\u00e9chiffrer les produits, ici les principaux produits sont recens\u00e9s directement dans le menu du haut.<\/p>\n\n\n\n<p>Vous l&rsquo;aurez compris, ce site n&rsquo;a donc aucune filiation avec le groupe La Poste et je vous invite \u00e0 vous rendre sur leur site si vous cherchez un produit tr\u00e8s sp\u00e9cifique. TarifsPostaux.info ne cherche pas \u00e0 se substituer au site officiel de La Poste, sa vocation est simplement de faciliter l&rsquo;acc\u00e8s \u00e0 l&rsquo;information. \u00c9tant donn\u00e9 les modifications de tarifs postaux&nbsp;2024 r\u00e9currentes du groupe, je m\u2019efforce \u00e0 constamment tenir \u00e0 jour ce site.<\/p>\n\n\n\n<hr class=\"wp-block-separator has-alpha-channel-opacity\"\/>\n\n\n\n<p>A la recherche d&rsquo;un bureau de poste pr\u00e8s de chez vous pour acheter un timbre ou des enveloppes d\u00e9j\u00e0 timbr\u00e9s ? Vous pouvez vous rendre sur notre <a href=\"http:\/\/horaireslaposte.com\">annuaire des bureaux de poste<\/a> !<\/p>\n","protected":false},"excerpt":{"rendered":"<p>Alors qu&rsquo;autrefois il \u00e9tait tr\u00e8s simple d&rsquo;envoyer un courrier en France, \u00e0 l&rsquo;international ou un colis, aujourd&rsquo;hui, c&rsquo;est devenu un v\u00e9ritable parcours du combattant. Entre la lettre verte, l&rsquo;ecopli, la lettre prioritaire, la lettre suivie, la lettre max, le pr\u00eat \u00e0 poster, le recommand\u00e9, etc. on ne sait pas trop quel affranchissement prendre. Presque chaque &#8230; <a title=\"Tarifs Postaux 2024 : Timbres, Colis, Lettres&#8230;\" class=\"read-more\" href=\"https:\/\/horaireslaposte.com\/info\/tarifs-postaux\/\" aria-label=\"En savoir plus sur Tarifs Postaux 2024 : Timbres, Colis, Lettres&#8230;\">Lire plus<\/a><\/p>\n","protected":false},"author":1,"featured_media":0,"parent":0,"menu_order":0,"comment_status":"closed","ping_status":"closed","template":"","meta":{"footnotes":""},"class_list":["post-69","page","type-page","status-publish"],"yoast_head":"<!-- This site is optimized with the Yoast SEO plugin v25.7 - https:\/\/yoast.com\/wordpress\/plugins\/seo\/ -->\n<title>Tarifs Postaux 2024 : Timbres, Colis, Lettres... - Info Business et Entreprise<\/title>\n<meta name=\"robots\" content=\"index, follow, max-snippet:-1, max-image-preview:large, max-video-preview:-1\" \/>\n<link rel=\"canonical\" href=\"https:\/\/horaireslaposte.com\/info\/tarifs-postaux\/\" \/>\n<meta property=\"og:locale\" content=\"fr_FR\" \/>\n<meta property=\"og:type\" content=\"article\" \/>\n<meta property=\"og:title\" content=\"Tarifs Postaux 2024 : Timbres, Colis, Lettres... - Info Business et Entreprise\" \/>\n<meta property=\"og:description\" content=\"Alors qu&rsquo;autrefois il \u00e9tait tr\u00e8s simple d&rsquo;envoyer un courrier en France, \u00e0 l&rsquo;international ou un colis, aujourd&rsquo;hui, c&rsquo;est devenu un v\u00e9ritable parcours du combattant. Entre la lettre verte, l&rsquo;ecopli, la lettre prioritaire, la lettre suivie, la lettre max, le pr\u00eat \u00e0 poster, le recommand\u00e9, etc. on ne sait pas trop quel affranchissement prendre. Presque chaque ... Lire plus\" \/>\n<meta property=\"og:url\" content=\"https:\/\/horaireslaposte.com\/info\/tarifs-postaux\/\" \/>\n<meta property=\"og:site_name\" content=\"Info Business et Entreprise\" \/>\n<meta property=\"article:modified_time\" content=\"2024-06-20T14:16:00+00:00\" \/>\n<meta name=\"twitter:card\" content=\"summary_large_image\" \/>\n<script type=\"application\/ld+json\" class=\"yoast-schema-graph\">{\"@context\":\"https:\/\/schema.org\",\"@graph\":[{\"@type\":\"WebPage\",\"@id\":\"https:\/\/horaireslaposte.com\/info\/tarifs-postaux\/\",\"url\":\"https:\/\/horaireslaposte.com\/info\/tarifs-postaux\/\",\"name\":\"Tarifs Postaux 2024 : Timbres, Colis, Lettres... - Info Business et Entreprise\",\"isPartOf\":{\"@id\":\"https:\/\/horaireslaposte.com\/info\/#website\"},\"datePublished\":\"2014-02-22T15:08:04+00:00\",\"dateModified\":\"2024-06-20T14:16:00+00:00\",\"breadcrumb\":{\"@id\":\"https:\/\/horaireslaposte.com\/info\/tarifs-postaux\/#breadcrumb\"},\"inLanguage\":\"fr-FR\",\"potentialAction\":[{\"@type\":\"ReadAction\",\"target\":[\"https:\/\/horaireslaposte.com\/info\/tarifs-postaux\/\"]}]},{\"@type\":\"BreadcrumbList\",\"@id\":\"https:\/\/horaireslaposte.com\/info\/tarifs-postaux\/#breadcrumb\",\"itemListElement\":[{\"@type\":\"ListItem\",\"position\":1,\"name\":\"Accueil\",\"item\":\"https:\/\/horaireslaposte.com\/info\/\"},{\"@type\":\"ListItem\",\"position\":2,\"name\":\"Tarifs Postaux 2024 : Timbres, Colis, Lettres&#8230;\"}]},{\"@type\":\"WebSite\",\"@id\":\"https:\/\/horaireslaposte.com\/info\/#website\",\"url\":\"https:\/\/horaireslaposte.com\/info\/\",\"name\":\"Info Business et Entreprise\",\"description\":\"\",\"publisher\":{\"@id\":\"https:\/\/horaireslaposte.com\/info\/#organization\"},\"potentialAction\":[{\"@type\":\"SearchAction\",\"target\":{\"@type\":\"EntryPoint\",\"urlTemplate\":\"https:\/\/horaireslaposte.com\/info\/?s={search_term_string}\"},\"query-input\":{\"@type\":\"PropertyValueSpecification\",\"valueRequired\":true,\"valueName\":\"search_term_string\"}}],\"inLanguage\":\"fr-FR\"},{\"@type\":\"Organization\",\"@id\":\"https:\/\/horaireslaposte.com\/info\/#organization\",\"name\":\"Info Business et Entreprise\",\"url\":\"https:\/\/horaireslaposte.com\/info\/\",\"logo\":{\"@type\":\"ImageObject\",\"inLanguage\":\"fr-FR\",\"@id\":\"https:\/\/horaireslaposte.com\/info\/#\/schema\/logo\/image\/\",\"url\":\"https:\/\/horaireslaposte.com\/info\/wp-content\/uploads\/2024\/05\/cropped-Capture-decran-2024-05-20-a-12.31.27.png\",\"contentUrl\":\"https:\/\/horaireslaposte.com\/info\/wp-content\/uploads\/2024\/05\/cropped-Capture-decran-2024-05-20-a-12.31.27.png\",\"width\":346,\"height\":88,\"caption\":\"Info Business et Entreprise\"},\"image\":{\"@id\":\"https:\/\/horaireslaposte.com\/info\/#\/schema\/logo\/image\/\"}}]}<\/script>\n<!-- \/ Yoast SEO plugin. -->","yoast_head_json":{"title":"Tarifs Postaux 2024 : Timbres, Colis, Lettres... - Info Business et Entreprise","robots":{"index":"index","follow":"follow","max-snippet":"max-snippet:-1","max-image-preview":"max-image-preview:large","max-video-preview":"max-video-preview:-1"},"canonical":"https:\/\/horaireslaposte.com\/info\/tarifs-postaux\/","og_locale":"fr_FR","og_type":"article","og_title":"Tarifs Postaux 2024 : Timbres, Colis, Lettres... - Info Business et Entreprise","og_description":"Alors qu&rsquo;autrefois il \u00e9tait tr\u00e8s simple d&rsquo;envoyer un courrier en France, \u00e0 l&rsquo;international ou un colis, aujourd&rsquo;hui, c&rsquo;est devenu un v\u00e9ritable parcours du combattant. Entre la lettre verte, l&rsquo;ecopli, la lettre prioritaire, la lettre suivie, la lettre max, le pr\u00eat \u00e0 poster, le recommand\u00e9, etc. on ne sait pas trop quel affranchissement prendre. Presque chaque ... Lire plus","og_url":"https:\/\/horaireslaposte.com\/info\/tarifs-postaux\/","og_site_name":"Info Business et Entreprise","article_modified_time":"2024-06-20T14:16:00+00:00","twitter_card":"summary_large_image","schema":{"@context":"https:\/\/schema.org","@graph":[{"@type":"WebPage","@id":"https:\/\/horaireslaposte.com\/info\/tarifs-postaux\/","url":"https:\/\/horaireslaposte.com\/info\/tarifs-postaux\/","name":"Tarifs Postaux 2024 : Timbres, Colis, Lettres... - Info Business et Entreprise","isPartOf":{"@id":"https:\/\/horaireslaposte.com\/info\/#website"},"datePublished":"2014-02-22T15:08:04+00:00","dateModified":"2024-06-20T14:16:00+00:00","breadcrumb":{"@id":"https:\/\/horaireslaposte.com\/info\/tarifs-postaux\/#breadcrumb"},"inLanguage":"fr-FR","potentialAction":[{"@type":"ReadAction","target":["https:\/\/horaireslaposte.com\/info\/tarifs-postaux\/"]}]},{"@type":"BreadcrumbList","@id":"https:\/\/horaireslaposte.com\/info\/tarifs-postaux\/#breadcrumb","itemListElement":[{"@type":"ListItem","position":1,"name":"Accueil","item":"https:\/\/horaireslaposte.com\/info\/"},{"@type":"ListItem","position":2,"name":"Tarifs Postaux 2024 : Timbres, Colis, Lettres&#8230;"}]},{"@type":"WebSite","@id":"https:\/\/horaireslaposte.com\/info\/#website","url":"https:\/\/horaireslaposte.com\/info\/","name":"Info Business et Entreprise","description":"","publisher":{"@id":"https:\/\/horaireslaposte.com\/info\/#organization"},"potentialAction":[{"@type":"SearchAction","target":{"@type":"EntryPoint","urlTemplate":"https:\/\/horaireslaposte.com\/info\/?s={search_term_string}"},"query-input":{"@type":"PropertyValueSpecification","valueRequired":true,"valueName":"search_term_string"}}],"inLanguage":"fr-FR"},{"@type":"Organization","@id":"https:\/\/horaireslaposte.com\/info\/#organization","name":"Info Business et Entreprise","url":"https:\/\/horaireslaposte.com\/info\/","logo":{"@type":"ImageObject","inLanguage":"fr-FR","@id":"https:\/\/horaireslaposte.com\/info\/#\/schema\/logo\/image\/","url":"https:\/\/horaireslaposte.com\/info\/wp-content\/uploads\/2024\/05\/cropped-Capture-decran-2024-05-20-a-12.31.27.png","contentUrl":"https:\/\/horaireslaposte.com\/info\/wp-content\/uploads\/2024\/05\/cropped-Capture-decran-2024-05-20-a-12.31.27.png","width":346,"height":88,"caption":"Info Business et Entreprise"},"image":{"@id":"https:\/\/horaireslaposte.com\/info\/#\/schema\/logo\/image\/"}}]}},"_links":{"self":[{"href":"https:\/\/horaireslaposte.com\/info\/wp-json\/wp\/v2\/pages\/69","targetHints":{"allow":["GET"]}}],"collection":[{"href":"https:\/\/horaireslaposte.com\/info\/wp-json\/wp\/v2\/pages"}],"about":[{"href":"https:\/\/horaireslaposte.com\/info\/wp-json\/wp\/v2\/types\/page"}],"author":[{"embeddable":true,"href":"https:\/\/horaireslaposte.com\/info\/wp-json\/wp\/v2\/users\/1"}],"replies":[{"embeddable":true,"href":"https:\/\/horaireslaposte.com\/info\/wp-json\/wp\/v2\/comments?post=69"}],"version-history":[{"count":2,"href":"https:\/\/horaireslaposte.com\/info\/wp-json\/wp\/v2\/pages\/69\/revisions"}],"predecessor-version":[{"id":12302,"href":"https:\/\/horaireslaposte.com\/info\/wp-json\/wp\/v2\/pages\/69\/revisions\/12302"}],"wp:attachment":[{"href":"https:\/\/horaireslaposte.com\/info\/wp-json\/wp\/v2\/media?parent=69"}],"curies":[{"name":"wp","href":"https:\/\/api.w.org\/{rel}","templated":true}]}}