{"id":27,"date":"2014-02-22T00:15:02","date_gmt":"2014-02-21T23:15:02","guid":{"rendered":"http:\/\/tarifspostaux.info\/?page_id=27"},"modified":"2024-06-20T13:29:20","modified_gmt":"2024-06-20T13:29:20","slug":"lettre-prioritaire","status":"publish","type":"page","link":"https:\/\/horaireslaposte.com\/info\/courrier-france\/lettre-prioritaire\/","title":{"rendered":"Lettre prioritaire"},"content":{"rendered":"<div class=\"wp-block-image\">\n<figure class=\"alignleft size-full\"><img loading=\"lazy\" decoding=\"async\" width=\"309\" height=\"400\" src=\"https:\/\/horaireslaposte.com\/info\/wp-content\/uploads\/2024\/06\/timbre-marianne-prioritaire.jpg\" alt=\"\" class=\"wp-image-12270\" srcset=\"https:\/\/horaireslaposte.com\/info\/wp-content\/uploads\/2024\/06\/timbre-marianne-prioritaire.jpg 309w, https:\/\/horaireslaposte.com\/info\/wp-content\/uploads\/2024\/06\/timbre-marianne-prioritaire-232x300.jpg 232w\" sizes=\"auto, (max-width: 309px) 100vw, 309px\" \/><\/figure>\n<\/div>\n\n\n<p>Il s&rsquo;agit du service d&rsquo;envoi de courrier le plus utilis\u00e9 en France avec une exp\u00e9dition en th\u00e9orie, prioritaire selon La Poste. La lettre prioritaire co\u00fbte plus ch\u00e8re que l&rsquo;envoi en <a href=\"https:\/\/horaireslaposte.com\/info\/courrier-france\/ecopli\/\">Ecopli<\/a> ou en <a href=\"https:\/\/horaireslaposte.com\/info\/courrier-france\/lettre-verte\/\">Lettre Verte<\/a>.<\/p>\n\n\n\n<p>Le service dont il est question dans cette page est souvent associ\u00e9 \u00e0 des termes comme : tarif rapide, tarif prioritaire, ou encore timbre rouge. D&rsquo;ailleurs, le prix du timbre prioritaire augmente chaque ann\u00e9e.<\/p>\n\n\n\n<p>L&rsquo;affranchissement peut se faire avec le timbre que vous voyez sur la gauche, mais aussi d&rsquo;autres timbres similaires avec un design ressemblant, ou encore m\u00eame des timbres avec des valeurs faciales. Quoi qu&rsquo;il en soit, la valeur totale doit correspondre au co\u00fbt de l&rsquo;affranchissement.<\/p>\n\n\n\n<p><\/p>\n\n\n\n<h2 class=\"wp-block-heading\" id=\"tablepress-3-name\">Tarifs Lettre Prioritaire La Poste<\/h2>\n\n\n\n<figure class=\"wp-block-table\"><table><thead><tr><th>POIDS JUSQU&rsquo;\u00c0<\/th><th>TARIFS NETS<\/th><\/tr><\/thead><tbody><tr><td>20 g<\/td><td>0.95 \u20ac<\/td><\/tr><tr><td>100 g<\/td><td>2 timbres<br>soit 1,90 \u20ac<\/td><\/tr><tr><td>250 g<\/td><td>4 timbres<br>soit 3,80 \u20ac<\/td><\/tr><tr><td>500 g<\/td><td>6 timbres<br>soit 5,70 \u20ac<\/td><\/tr><tr><td>3 kg<\/td><td>8 timbres<br>soit 7,60 \u20ac<\/td><\/tr><\/tbody><\/table><\/figure>\n\n\n\n<p class=\"has-text-align-center\">&nbsp;<\/p>\n\n\n\n<p>En utilisant ce service, si vous voulez par exemple envoyer un courrier de 40 grammes, il vous faudra payer 1,10\u20ac. Inutile donc de placer 2 timbres rouges, \u00e7a vous reviendrait \u00e0 payer plus que n\u00e9cessaire.<\/p>\n","protected":false},"excerpt":{"rendered":"<p>Il s&rsquo;agit du service d&rsquo;envoi de courrier le plus utilis\u00e9 en France avec une exp\u00e9dition en th\u00e9orie, prioritaire selon La Poste. La lettre prioritaire co\u00fbte plus ch\u00e8re que l&rsquo;envoi en Ecopli ou en Lettre Verte. Le service dont il est question dans cette page est souvent associ\u00e9 \u00e0 des termes comme : tarif rapide, tarif &#8230; <a title=\"Lettre prioritaire\" class=\"read-more\" href=\"https:\/\/horaireslaposte.com\/info\/courrier-france\/lettre-prioritaire\/\" aria-label=\"En savoir plus sur Lettre prioritaire\">Lire plus<\/a><\/p>\n","protected":false},"author":1,"featured_media":0,"parent":12164,"menu_order":0,"comment_status":"closed","ping_status":"closed","template":"","meta":{"footnotes":""},"class_list":["post-27","page","type-page","status-publish"],"yoast_head":"<!-- This site is optimized with the Yoast SEO plugin v25.7 - https:\/\/yoast.com\/wordpress\/plugins\/seo\/ -->\n<title>Lettre prioritaire - Info Business et Entreprise<\/title>\n<meta name=\"robots\" content=\"index, follow, max-snippet:-1, max-image-preview:large, max-video-preview:-1\" \/>\n<link rel=\"canonical\" href=\"https:\/\/horaireslaposte.com\/info\/courrier-france\/lettre-prioritaire\/\" \/>\n<meta property=\"og:locale\" content=\"fr_FR\" \/>\n<meta property=\"og:type\" content=\"article\" \/>\n<meta property=\"og:title\" content=\"Lettre prioritaire - Info Business et Entreprise\" \/>\n<meta property=\"og:description\" content=\"Il s&rsquo;agit du service d&rsquo;envoi de courrier le plus utilis\u00e9 en France avec une exp\u00e9dition en th\u00e9orie, prioritaire selon La Poste. La lettre prioritaire co\u00fbte plus ch\u00e8re que l&rsquo;envoi en Ecopli ou en Lettre Verte. Le service dont il est question dans cette page est souvent associ\u00e9 \u00e0 des termes comme : tarif rapide, tarif ... Lire plus\" \/>\n<meta property=\"og:url\" content=\"https:\/\/horaireslaposte.com\/info\/courrier-france\/lettre-prioritaire\/\" \/>\n<meta property=\"og:site_name\" content=\"Info Business et Entreprise\" \/>\n<meta property=\"article:modified_time\" content=\"2024-06-20T13:29:20+00:00\" \/>\n<meta property=\"og:image\" content=\"https:\/\/horaireslaposte.com\/info\/wp-content\/uploads\/2024\/06\/timbre-marianne-prioritaire.jpg\" \/>\n<meta name=\"twitter:card\" content=\"summary_large_image\" \/>\n<script type=\"application\/ld+json\" class=\"yoast-schema-graph\">{\"@context\":\"https:\/\/schema.org\",\"@graph\":[{\"@type\":\"WebPage\",\"@id\":\"https:\/\/horaireslaposte.com\/info\/courrier-france\/lettre-prioritaire\/\",\"url\":\"https:\/\/horaireslaposte.com\/info\/courrier-france\/lettre-prioritaire\/\",\"name\":\"Lettre prioritaire - Info Business et Entreprise\",\"isPartOf\":{\"@id\":\"https:\/\/horaireslaposte.com\/info\/#website\"},\"primaryImageOfPage\":{\"@id\":\"https:\/\/horaireslaposte.com\/info\/courrier-france\/lettre-prioritaire\/#primaryimage\"},\"image\":{\"@id\":\"https:\/\/horaireslaposte.com\/info\/courrier-france\/lettre-prioritaire\/#primaryimage\"},\"thumbnailUrl\":\"https:\/\/horaireslaposte.com\/info\/wp-content\/uploads\/2024\/06\/timbre-marianne-prioritaire.jpg\",\"datePublished\":\"2014-02-21T23:15:02+00:00\",\"dateModified\":\"2024-06-20T13:29:20+00:00\",\"breadcrumb\":{\"@id\":\"https:\/\/horaireslaposte.com\/info\/courrier-france\/lettre-prioritaire\/#breadcrumb\"},\"inLanguage\":\"fr-FR\",\"potentialAction\":[{\"@type\":\"ReadAction\",\"target\":[\"https:\/\/horaireslaposte.com\/info\/courrier-france\/lettre-prioritaire\/\"]}]},{\"@type\":\"ImageObject\",\"inLanguage\":\"fr-FR\",\"@id\":\"https:\/\/horaireslaposte.com\/info\/courrier-france\/lettre-prioritaire\/#primaryimage\",\"url\":\"https:\/\/horaireslaposte.com\/info\/wp-content\/uploads\/2024\/06\/timbre-marianne-prioritaire.jpg\",\"contentUrl\":\"https:\/\/horaireslaposte.com\/info\/wp-content\/uploads\/2024\/06\/timbre-marianne-prioritaire.jpg\",\"width\":309,\"height\":400},{\"@type\":\"BreadcrumbList\",\"@id\":\"https:\/\/horaireslaposte.com\/info\/courrier-france\/lettre-prioritaire\/#breadcrumb\",\"itemListElement\":[{\"@type\":\"ListItem\",\"position\":1,\"name\":\"Accueil\",\"item\":\"https:\/\/horaireslaposte.com\/info\/\"},{\"@type\":\"ListItem\",\"position\":2,\"name\":\"Courrier France\",\"item\":\"https:\/\/horaireslaposte.com\/info\/courrier-france\/\"},{\"@type\":\"ListItem\",\"position\":3,\"name\":\"Lettre prioritaire\"}]},{\"@type\":\"WebSite\",\"@id\":\"https:\/\/horaireslaposte.com\/info\/#website\",\"url\":\"https:\/\/horaireslaposte.com\/info\/\",\"name\":\"Info Business et Entreprise\",\"description\":\"\",\"publisher\":{\"@id\":\"https:\/\/horaireslaposte.com\/info\/#organization\"},\"potentialAction\":[{\"@type\":\"SearchAction\",\"target\":{\"@type\":\"EntryPoint\",\"urlTemplate\":\"https:\/\/horaireslaposte.com\/info\/?s={search_term_string}\"},\"query-input\":{\"@type\":\"PropertyValueSpecification\",\"valueRequired\":true,\"valueName\":\"search_term_string\"}}],\"inLanguage\":\"fr-FR\"},{\"@type\":\"Organization\",\"@id\":\"https:\/\/horaireslaposte.com\/info\/#organization\",\"name\":\"Info Business et Entreprise\",\"url\":\"https:\/\/horaireslaposte.com\/info\/\",\"logo\":{\"@type\":\"ImageObject\",\"inLanguage\":\"fr-FR\",\"@id\":\"https:\/\/horaireslaposte.com\/info\/#\/schema\/logo\/image\/\",\"url\":\"https:\/\/horaireslaposte.com\/info\/wp-content\/uploads\/2024\/05\/cropped-Capture-decran-2024-05-20-a-12.31.27.png\",\"contentUrl\":\"https:\/\/horaireslaposte.com\/info\/wp-content\/uploads\/2024\/05\/cropped-Capture-decran-2024-05-20-a-12.31.27.png\",\"width\":346,\"height\":88,\"caption\":\"Info Business et Entreprise\"},\"image\":{\"@id\":\"https:\/\/horaireslaposte.com\/info\/#\/schema\/logo\/image\/\"}}]}<\/script>\n<!-- \/ Yoast SEO plugin. -->","yoast_head_json":{"title":"Lettre prioritaire - Info Business et Entreprise","robots":{"index":"index","follow":"follow","max-snippet":"max-snippet:-1","max-image-preview":"max-image-preview:large","max-video-preview":"max-video-preview:-1"},"canonical":"https:\/\/horaireslaposte.com\/info\/courrier-france\/lettre-prioritaire\/","og_locale":"fr_FR","og_type":"article","og_title":"Lettre prioritaire - Info Business et Entreprise","og_description":"Il s&rsquo;agit du service d&rsquo;envoi de courrier le plus utilis\u00e9 en France avec une exp\u00e9dition en th\u00e9orie, prioritaire selon La Poste. La lettre prioritaire co\u00fbte plus ch\u00e8re que l&rsquo;envoi en Ecopli ou en Lettre Verte. Le service dont il est question dans cette page est souvent associ\u00e9 \u00e0 des termes comme : tarif rapide, tarif ... Lire plus","og_url":"https:\/\/horaireslaposte.com\/info\/courrier-france\/lettre-prioritaire\/","og_site_name":"Info Business et Entreprise","article_modified_time":"2024-06-20T13:29:20+00:00","og_image":[{"url":"https:\/\/horaireslaposte.com\/info\/wp-content\/uploads\/2024\/06\/timbre-marianne-prioritaire.jpg","type":"","width":"","height":""}],"twitter_card":"summary_large_image","schema":{"@context":"https:\/\/schema.org","@graph":[{"@type":"WebPage","@id":"https:\/\/horaireslaposte.com\/info\/courrier-france\/lettre-prioritaire\/","url":"https:\/\/horaireslaposte.com\/info\/courrier-france\/lettre-prioritaire\/","name":"Lettre prioritaire - Info Business et Entreprise","isPartOf":{"@id":"https:\/\/horaireslaposte.com\/info\/#website"},"primaryImageOfPage":{"@id":"https:\/\/horaireslaposte.com\/info\/courrier-france\/lettre-prioritaire\/#primaryimage"},"image":{"@id":"https:\/\/horaireslaposte.com\/info\/courrier-france\/lettre-prioritaire\/#primaryimage"},"thumbnailUrl":"https:\/\/horaireslaposte.com\/info\/wp-content\/uploads\/2024\/06\/timbre-marianne-prioritaire.jpg","datePublished":"2014-02-21T23:15:02+00:00","dateModified":"2024-06-20T13:29:20+00:00","breadcrumb":{"@id":"https:\/\/horaireslaposte.com\/info\/courrier-france\/lettre-prioritaire\/#breadcrumb"},"inLanguage":"fr-FR","potentialAction":[{"@type":"ReadAction","target":["https:\/\/horaireslaposte.com\/info\/courrier-france\/lettre-prioritaire\/"]}]},{"@type":"ImageObject","inLanguage":"fr-FR","@id":"https:\/\/horaireslaposte.com\/info\/courrier-france\/lettre-prioritaire\/#primaryimage","url":"https:\/\/horaireslaposte.com\/info\/wp-content\/uploads\/2024\/06\/timbre-marianne-prioritaire.jpg","contentUrl":"https:\/\/horaireslaposte.com\/info\/wp-content\/uploads\/2024\/06\/timbre-marianne-prioritaire.jpg","width":309,"height":400},{"@type":"BreadcrumbList","@id":"https:\/\/horaireslaposte.com\/info\/courrier-france\/lettre-prioritaire\/#breadcrumb","itemListElement":[{"@type":"ListItem","position":1,"name":"Accueil","item":"https:\/\/horaireslaposte.com\/info\/"},{"@type":"ListItem","position":2,"name":"Courrier France","item":"https:\/\/horaireslaposte.com\/info\/courrier-france\/"},{"@type":"ListItem","position":3,"name":"Lettre prioritaire"}]},{"@type":"WebSite","@id":"https:\/\/horaireslaposte.com\/info\/#website","url":"https:\/\/horaireslaposte.com\/info\/","name":"Info Business et Entreprise","description":"","publisher":{"@id":"https:\/\/horaireslaposte.com\/info\/#organization"},"potentialAction":[{"@type":"SearchAction","target":{"@type":"EntryPoint","urlTemplate":"https:\/\/horaireslaposte.com\/info\/?s={search_term_string}"},"query-input":{"@type":"PropertyValueSpecification","valueRequired":true,"valueName":"search_term_string"}}],"inLanguage":"fr-FR"},{"@type":"Organization","@id":"https:\/\/horaireslaposte.com\/info\/#organization","name":"Info Business et Entreprise","url":"https:\/\/horaireslaposte.com\/info\/","logo":{"@type":"ImageObject","inLanguage":"fr-FR","@id":"https:\/\/horaireslaposte.com\/info\/#\/schema\/logo\/image\/","url":"https:\/\/horaireslaposte.com\/info\/wp-content\/uploads\/2024\/05\/cropped-Capture-decran-2024-05-20-a-12.31.27.png","contentUrl":"https:\/\/horaireslaposte.com\/info\/wp-content\/uploads\/2024\/05\/cropped-Capture-decran-2024-05-20-a-12.31.27.png","width":346,"height":88,"caption":"Info Business et Entreprise"},"image":{"@id":"https:\/\/horaireslaposte.com\/info\/#\/schema\/logo\/image\/"}}]}},"_links":{"self":[{"href":"https:\/\/horaireslaposte.com\/info\/wp-json\/wp\/v2\/pages\/27","targetHints":{"allow":["GET"]}}],"collection":[{"href":"https:\/\/horaireslaposte.com\/info\/wp-json\/wp\/v2\/pages"}],"about":[{"href":"https:\/\/horaireslaposte.com\/info\/wp-json\/wp\/v2\/types\/page"}],"author":[{"embeddable":true,"href":"https:\/\/horaireslaposte.com\/info\/wp-json\/wp\/v2\/users\/1"}],"replies":[{"embeddable":true,"href":"https:\/\/horaireslaposte.com\/info\/wp-json\/wp\/v2\/comments?post=27"}],"version-history":[{"count":2,"href":"https:\/\/horaireslaposte.com\/info\/wp-json\/wp\/v2\/pages\/27\/revisions"}],"predecessor-version":[{"id":12282,"href":"https:\/\/horaireslaposte.com\/info\/wp-json\/wp\/v2\/pages\/27\/revisions\/12282"}],"up":[{"embeddable":true,"href":"https:\/\/horaireslaposte.com\/info\/wp-json\/wp\/v2\/pages\/12164"}],"wp:attachment":[{"href":"https:\/\/horaireslaposte.com\/info\/wp-json\/wp\/v2\/media?parent=27"}],"curies":[{"name":"wp","href":"https:\/\/api.w.org\/{rel}","templated":true}]}}