{"id":23,"date":"2014-02-22T00:14:30","date_gmt":"2014-02-21T23:14:30","guid":{"rendered":"http:\/\/tarifspostaux.info\/?page_id=23"},"modified":"2024-06-20T13:47:03","modified_gmt":"2024-06-20T13:47:03","slug":"ecopli","status":"publish","type":"page","link":"https:\/\/horaireslaposte.com\/info\/courrier-france\/ecopli\/","title":{"rendered":"Tarif lettre ecopli"},"content":{"rendered":"<div class=\"wp-block-image\">\n<figure class=\"alignleft size-full\"><img loading=\"lazy\" decoding=\"async\" width=\"315\" height=\"400\" src=\"https:\/\/horaireslaposte.com\/info\/wp-content\/uploads\/2024\/06\/ecopli.jpg\" alt=\"\" class=\"wp-image-12243\" srcset=\"https:\/\/horaireslaposte.com\/info\/wp-content\/uploads\/2024\/06\/ecopli.jpg 315w, https:\/\/horaireslaposte.com\/info\/wp-content\/uploads\/2024\/06\/ecopli-236x300.jpg 236w\" sizes=\"auto, (max-width: 315px) 100vw, 315px\" \/><\/figure>\n<\/div>\n\n\n<p>L&rsquo;Ecopli correspond au tarif le plus \u00e9conomique pour l&rsquo;envoi de son courrier. Ce service existe depuis tr\u00e8s longtemps et a vu le jour bien avant la <a href=\"https:\/\/horaireslaposte.com\/info\/\/courrier-france\/lettre-verte\/\">lettre verte<\/a>. En th\u00e9orie, avec ce tarif, le courrier peut mettre plusieurs jours \u00e0 arriver au destinataire selon La Poste.<\/p>\n\n\n\n<p>On associe souvent le terme Ecopli au fameux timbre vert ou \u00e0 la notion de tarif lent.\u00a0Aussi \u00e9tonnant que cela puisse para\u00eetre, ce tarif est tr\u00e8s peu connu du grand public \u00e9tant donn\u00e9 que la majorit\u00e9 des usagers utilisent le <a href=\"https:\/\/horaireslaposte.com\/info\/\/courrier-france\/lettre-prioritaire\/\">tarif prioritaire<\/a>.<\/p>\n\n\n\n<p>Le prix du timbre Ecopli varie quasiment chaque ann\u00e9e. Ci-dessous, vous pouvez consulter le prix pour l&rsquo;ann\u00e9e 2024 qui a \u00e9t\u00e9 modifi\u00e9 au 1er janvier dernier.<\/p>\n\n\n\n<p><\/p>\n\n\n\n<p><\/p>\n\n\n\n<h2 class=\"wp-block-heading\" id=\"tablepress-1-name\">Tarifs Ecopli La Poste<\/h2>\n\n\n\n<figure class=\"wp-block-table\"><table><thead><tr><th>POIDS JUSQU&rsquo;\u00c0<\/th><th>TARIFS NETS<\/th><\/tr><\/thead><tbody><tr><td>20 g<\/td><td>0.78 \u20ac<\/td><\/tr><tr><td>100 g<\/td><td>2 timbres<br>soit 1,56 \u20ac<\/td><\/tr><tr><td>250 g<\/td><td>4 timbres<br>soit 3,12 \u20ac<\/td><\/tr><\/tbody><\/table><\/figure>\n\n\n\n<p>Par exemple, vous envoyez un courrier de 24 grammes, de Paris vers Lyon via le service Ecopli, vous devrez payer 0,87 \u20ac.&nbsp;Pour ceux qui ont l&rsquo;habitude d&rsquo;utiliser ce service, vous avez probablement constat\u00e9 que La Poste a supprim\u00e9 de nombreuses tranches tarifaires, ne permettant au consommateur, que d&rsquo;envoyer des plis de moins de 250 grammes dor\u00e9navant.<\/p>\n","protected":false},"excerpt":{"rendered":"<p>L&rsquo;Ecopli correspond au tarif le plus \u00e9conomique pour l&rsquo;envoi de son courrier. Ce service existe depuis tr\u00e8s longtemps et a vu le jour bien avant la lettre verte. En th\u00e9orie, avec ce tarif, le courrier peut mettre plusieurs jours \u00e0 arriver au destinataire selon La Poste. On associe souvent le terme Ecopli au fameux timbre &#8230; <a title=\"Tarif lettre ecopli\" class=\"read-more\" href=\"https:\/\/horaireslaposte.com\/info\/courrier-france\/ecopli\/\" aria-label=\"En savoir plus sur Tarif lettre ecopli\">Lire plus<\/a><\/p>\n","protected":false},"author":1,"featured_media":0,"parent":12164,"menu_order":0,"comment_status":"closed","ping_status":"closed","template":"","meta":{"footnotes":""},"class_list":["post-23","page","type-page","status-publish"],"yoast_head":"<!-- This site is optimized with the Yoast SEO plugin v25.7 - https:\/\/yoast.com\/wordpress\/plugins\/seo\/ -->\n<title>Tarif lettre ecopli - Info Business et Entreprise<\/title>\n<meta name=\"robots\" content=\"index, follow, max-snippet:-1, max-image-preview:large, max-video-preview:-1\" \/>\n<link rel=\"canonical\" href=\"https:\/\/horaireslaposte.com\/info\/courrier-france\/ecopli\/\" \/>\n<meta property=\"og:locale\" content=\"fr_FR\" \/>\n<meta property=\"og:type\" content=\"article\" \/>\n<meta property=\"og:title\" content=\"Tarif lettre ecopli - Info Business et Entreprise\" \/>\n<meta property=\"og:description\" content=\"L&rsquo;Ecopli correspond au tarif le plus \u00e9conomique pour l&rsquo;envoi de son courrier. Ce service existe depuis tr\u00e8s longtemps et a vu le jour bien avant la lettre verte. En th\u00e9orie, avec ce tarif, le courrier peut mettre plusieurs jours \u00e0 arriver au destinataire selon La Poste. On associe souvent le terme Ecopli au fameux timbre ... Lire plus\" \/>\n<meta property=\"og:url\" content=\"https:\/\/horaireslaposte.com\/info\/courrier-france\/ecopli\/\" \/>\n<meta property=\"og:site_name\" content=\"Info Business et Entreprise\" \/>\n<meta property=\"article:modified_time\" content=\"2024-06-20T13:47:03+00:00\" \/>\n<meta property=\"og:image\" content=\"https:\/\/horaireslaposte.com\/info\/wp-content\/uploads\/2024\/06\/ecopli.jpg\" \/>\n<meta name=\"twitter:card\" content=\"summary_large_image\" \/>\n<script type=\"application\/ld+json\" class=\"yoast-schema-graph\">{\"@context\":\"https:\/\/schema.org\",\"@graph\":[{\"@type\":\"WebPage\",\"@id\":\"https:\/\/horaireslaposte.com\/info\/courrier-france\/ecopli\/\",\"url\":\"https:\/\/horaireslaposte.com\/info\/courrier-france\/ecopli\/\",\"name\":\"Tarif lettre ecopli - Info Business et Entreprise\",\"isPartOf\":{\"@id\":\"https:\/\/horaireslaposte.com\/info\/#website\"},\"primaryImageOfPage\":{\"@id\":\"https:\/\/horaireslaposte.com\/info\/courrier-france\/ecopli\/#primaryimage\"},\"image\":{\"@id\":\"https:\/\/horaireslaposte.com\/info\/courrier-france\/ecopli\/#primaryimage\"},\"thumbnailUrl\":\"https:\/\/horaireslaposte.com\/info\/wp-content\/uploads\/2024\/06\/ecopli.jpg\",\"datePublished\":\"2014-02-21T23:14:30+00:00\",\"dateModified\":\"2024-06-20T13:47:03+00:00\",\"breadcrumb\":{\"@id\":\"https:\/\/horaireslaposte.com\/info\/courrier-france\/ecopli\/#breadcrumb\"},\"inLanguage\":\"fr-FR\",\"potentialAction\":[{\"@type\":\"ReadAction\",\"target\":[\"https:\/\/horaireslaposte.com\/info\/courrier-france\/ecopli\/\"]}]},{\"@type\":\"ImageObject\",\"inLanguage\":\"fr-FR\",\"@id\":\"https:\/\/horaireslaposte.com\/info\/courrier-france\/ecopli\/#primaryimage\",\"url\":\"https:\/\/horaireslaposte.com\/info\/wp-content\/uploads\/2024\/06\/ecopli.jpg\",\"contentUrl\":\"https:\/\/horaireslaposte.com\/info\/wp-content\/uploads\/2024\/06\/ecopli.jpg\",\"width\":315,\"height\":400},{\"@type\":\"BreadcrumbList\",\"@id\":\"https:\/\/horaireslaposte.com\/info\/courrier-france\/ecopli\/#breadcrumb\",\"itemListElement\":[{\"@type\":\"ListItem\",\"position\":1,\"name\":\"Accueil\",\"item\":\"https:\/\/horaireslaposte.com\/info\/\"},{\"@type\":\"ListItem\",\"position\":2,\"name\":\"Courrier France\",\"item\":\"https:\/\/horaireslaposte.com\/info\/courrier-france\/\"},{\"@type\":\"ListItem\",\"position\":3,\"name\":\"Tarif lettre ecopli\"}]},{\"@type\":\"WebSite\",\"@id\":\"https:\/\/horaireslaposte.com\/info\/#website\",\"url\":\"https:\/\/horaireslaposte.com\/info\/\",\"name\":\"Info Business et Entreprise\",\"description\":\"\",\"publisher\":{\"@id\":\"https:\/\/horaireslaposte.com\/info\/#organization\"},\"potentialAction\":[{\"@type\":\"SearchAction\",\"target\":{\"@type\":\"EntryPoint\",\"urlTemplate\":\"https:\/\/horaireslaposte.com\/info\/?s={search_term_string}\"},\"query-input\":{\"@type\":\"PropertyValueSpecification\",\"valueRequired\":true,\"valueName\":\"search_term_string\"}}],\"inLanguage\":\"fr-FR\"},{\"@type\":\"Organization\",\"@id\":\"https:\/\/horaireslaposte.com\/info\/#organization\",\"name\":\"Info Business et Entreprise\",\"url\":\"https:\/\/horaireslaposte.com\/info\/\",\"logo\":{\"@type\":\"ImageObject\",\"inLanguage\":\"fr-FR\",\"@id\":\"https:\/\/horaireslaposte.com\/info\/#\/schema\/logo\/image\/\",\"url\":\"https:\/\/horaireslaposte.com\/info\/wp-content\/uploads\/2024\/05\/cropped-Capture-decran-2024-05-20-a-12.31.27.png\",\"contentUrl\":\"https:\/\/horaireslaposte.com\/info\/wp-content\/uploads\/2024\/05\/cropped-Capture-decran-2024-05-20-a-12.31.27.png\",\"width\":346,\"height\":88,\"caption\":\"Info Business et Entreprise\"},\"image\":{\"@id\":\"https:\/\/horaireslaposte.com\/info\/#\/schema\/logo\/image\/\"}}]}<\/script>\n<!-- \/ Yoast SEO plugin. -->","yoast_head_json":{"title":"Tarif lettre ecopli - Info Business et Entreprise","robots":{"index":"index","follow":"follow","max-snippet":"max-snippet:-1","max-image-preview":"max-image-preview:large","max-video-preview":"max-video-preview:-1"},"canonical":"https:\/\/horaireslaposte.com\/info\/courrier-france\/ecopli\/","og_locale":"fr_FR","og_type":"article","og_title":"Tarif lettre ecopli - Info Business et Entreprise","og_description":"L&rsquo;Ecopli correspond au tarif le plus \u00e9conomique pour l&rsquo;envoi de son courrier. Ce service existe depuis tr\u00e8s longtemps et a vu le jour bien avant la lettre verte. En th\u00e9orie, avec ce tarif, le courrier peut mettre plusieurs jours \u00e0 arriver au destinataire selon La Poste. On associe souvent le terme Ecopli au fameux timbre ... Lire plus","og_url":"https:\/\/horaireslaposte.com\/info\/courrier-france\/ecopli\/","og_site_name":"Info Business et Entreprise","article_modified_time":"2024-06-20T13:47:03+00:00","og_image":[{"url":"https:\/\/horaireslaposte.com\/info\/wp-content\/uploads\/2024\/06\/ecopli.jpg","type":"","width":"","height":""}],"twitter_card":"summary_large_image","schema":{"@context":"https:\/\/schema.org","@graph":[{"@type":"WebPage","@id":"https:\/\/horaireslaposte.com\/info\/courrier-france\/ecopli\/","url":"https:\/\/horaireslaposte.com\/info\/courrier-france\/ecopli\/","name":"Tarif lettre ecopli - Info Business et Entreprise","isPartOf":{"@id":"https:\/\/horaireslaposte.com\/info\/#website"},"primaryImageOfPage":{"@id":"https:\/\/horaireslaposte.com\/info\/courrier-france\/ecopli\/#primaryimage"},"image":{"@id":"https:\/\/horaireslaposte.com\/info\/courrier-france\/ecopli\/#primaryimage"},"thumbnailUrl":"https:\/\/horaireslaposte.com\/info\/wp-content\/uploads\/2024\/06\/ecopli.jpg","datePublished":"2014-02-21T23:14:30+00:00","dateModified":"2024-06-20T13:47:03+00:00","breadcrumb":{"@id":"https:\/\/horaireslaposte.com\/info\/courrier-france\/ecopli\/#breadcrumb"},"inLanguage":"fr-FR","potentialAction":[{"@type":"ReadAction","target":["https:\/\/horaireslaposte.com\/info\/courrier-france\/ecopli\/"]}]},{"@type":"ImageObject","inLanguage":"fr-FR","@id":"https:\/\/horaireslaposte.com\/info\/courrier-france\/ecopli\/#primaryimage","url":"https:\/\/horaireslaposte.com\/info\/wp-content\/uploads\/2024\/06\/ecopli.jpg","contentUrl":"https:\/\/horaireslaposte.com\/info\/wp-content\/uploads\/2024\/06\/ecopli.jpg","width":315,"height":400},{"@type":"BreadcrumbList","@id":"https:\/\/horaireslaposte.com\/info\/courrier-france\/ecopli\/#breadcrumb","itemListElement":[{"@type":"ListItem","position":1,"name":"Accueil","item":"https:\/\/horaireslaposte.com\/info\/"},{"@type":"ListItem","position":2,"name":"Courrier France","item":"https:\/\/horaireslaposte.com\/info\/courrier-france\/"},{"@type":"ListItem","position":3,"name":"Tarif lettre ecopli"}]},{"@type":"WebSite","@id":"https:\/\/horaireslaposte.com\/info\/#website","url":"https:\/\/horaireslaposte.com\/info\/","name":"Info Business et Entreprise","description":"","publisher":{"@id":"https:\/\/horaireslaposte.com\/info\/#organization"},"potentialAction":[{"@type":"SearchAction","target":{"@type":"EntryPoint","urlTemplate":"https:\/\/horaireslaposte.com\/info\/?s={search_term_string}"},"query-input":{"@type":"PropertyValueSpecification","valueRequired":true,"valueName":"search_term_string"}}],"inLanguage":"fr-FR"},{"@type":"Organization","@id":"https:\/\/horaireslaposte.com\/info\/#organization","name":"Info Business et Entreprise","url":"https:\/\/horaireslaposte.com\/info\/","logo":{"@type":"ImageObject","inLanguage":"fr-FR","@id":"https:\/\/horaireslaposte.com\/info\/#\/schema\/logo\/image\/","url":"https:\/\/horaireslaposte.com\/info\/wp-content\/uploads\/2024\/05\/cropped-Capture-decran-2024-05-20-a-12.31.27.png","contentUrl":"https:\/\/horaireslaposte.com\/info\/wp-content\/uploads\/2024\/05\/cropped-Capture-decran-2024-05-20-a-12.31.27.png","width":346,"height":88,"caption":"Info Business et Entreprise"},"image":{"@id":"https:\/\/horaireslaposte.com\/info\/#\/schema\/logo\/image\/"}}]}},"_links":{"self":[{"href":"https:\/\/horaireslaposte.com\/info\/wp-json\/wp\/v2\/pages\/23","targetHints":{"allow":["GET"]}}],"collection":[{"href":"https:\/\/horaireslaposte.com\/info\/wp-json\/wp\/v2\/pages"}],"about":[{"href":"https:\/\/horaireslaposte.com\/info\/wp-json\/wp\/v2\/types\/page"}],"author":[{"embeddable":true,"href":"https:\/\/horaireslaposte.com\/info\/wp-json\/wp\/v2\/users\/1"}],"replies":[{"embeddable":true,"href":"https:\/\/horaireslaposte.com\/info\/wp-json\/wp\/v2\/comments?post=23"}],"version-history":[{"count":1,"href":"https:\/\/horaireslaposte.com\/info\/wp-json\/wp\/v2\/pages\/23\/revisions"}],"predecessor-version":[{"id":12286,"href":"https:\/\/horaireslaposte.com\/info\/wp-json\/wp\/v2\/pages\/23\/revisions\/12286"}],"up":[{"embeddable":true,"href":"https:\/\/horaireslaposte.com\/info\/wp-json\/wp\/v2\/pages\/12164"}],"wp:attachment":[{"href":"https:\/\/horaireslaposte.com\/info\/wp-json\/wp\/v2\/media?parent=23"}],"curies":[{"name":"wp","href":"https:\/\/api.w.org\/{rel}","templated":true}]}}