{"id":192,"date":"2014-03-08T20:40:26","date_gmt":"2014-03-08T19:40:26","guid":{"rendered":"http:\/\/tarifspostaux.info\/?page_id=192"},"modified":"2014-03-08T20:40:26","modified_gmt":"2014-03-08T19:40:26","slug":"ruban-adhesif","status":"publish","type":"page","link":"https:\/\/horaireslaposte.com\/info\/achat-timbres-enveloppes\/ruban-adhesif\/","title":{"rendered":"Ruban adh\u00e9sif"},"content":{"rendered":"<div class=\"vshopBig\" data-key=\"odwpe\" data-tracking=\"tarifspostaux.info-ruban_adhesif\" data-keyword=\"ruban adh\u00e9sif\" style=\"width:100%;\"><\/div>\n<p>\u00a0<script type=\"text\/javascript\" src=\"http:\/\/www.vshop.fr\/js\/freakBig2.js\"><\/script><\/p>\n<p>Pour pr\u00e9parer dans de bonnes conditions les colis que l&rsquo;on envoie par La Poste, il convient d&rsquo;avoir un ruban adh\u00e9sif adapt\u00e9. Il est possible d&rsquo;en acheter sur Internet \u00e0 des prix d\u00e9fiants toute concurrence. L&rsquo;id\u00e9al est d&rsquo;ailleurs d&rsquo;acheter un lot de plusieurs rouleaux, ce qui vous reviendra largement moins cher \u00e0 l&rsquo;unit\u00e9 que d&rsquo;en acheter qu&rsquo;un seul. Avec un bon ruban de scotch, un seul passage suffira pour fermer correctement votre carton.<\/p>\n","protected":false},"excerpt":{"rendered":"<p>\u00a0 Pour pr\u00e9parer dans de bonnes conditions les colis que l&rsquo;on envoie par La Poste, il convient d&rsquo;avoir un ruban adh\u00e9sif adapt\u00e9. Il est possible d&rsquo;en acheter sur Internet \u00e0 des prix d\u00e9fiants toute concurrence. L&rsquo;id\u00e9al est d&rsquo;ailleurs d&rsquo;acheter un lot de plusieurs rouleaux, ce qui vous reviendra largement moins cher \u00e0 l&rsquo;unit\u00e9 que d&rsquo;en &#8230; <a title=\"Ruban adh\u00e9sif\" class=\"read-more\" href=\"https:\/\/horaireslaposte.com\/info\/achat-timbres-enveloppes\/ruban-adhesif\/\" aria-label=\"En savoir plus sur Ruban adh\u00e9sif\">Lire plus<\/a><\/p>\n","protected":false},"author":1,"featured_media":0,"parent":12,"menu_order":0,"comment_status":"closed","ping_status":"closed","template":"page-templates\/full-width.php","meta":{"footnotes":""},"class_list":["post-192","page","type-page","status-publish"],"yoast_head":"<!-- This site is optimized with the Yoast SEO plugin v25.7 - https:\/\/yoast.com\/wordpress\/plugins\/seo\/ -->\n<title>Ruban adh\u00e9sif - Info Business et Entreprise<\/title>\n<meta name=\"robots\" content=\"index, follow, max-snippet:-1, max-image-preview:large, max-video-preview:-1\" \/>\n<link rel=\"canonical\" href=\"https:\/\/horaireslaposte.com\/info\/achat-timbres-enveloppes\/ruban-adhesif\/\" \/>\n<meta property=\"og:locale\" content=\"fr_FR\" \/>\n<meta property=\"og:type\" content=\"article\" \/>\n<meta property=\"og:title\" content=\"Ruban adh\u00e9sif - Info Business et Entreprise\" \/>\n<meta property=\"og:description\" content=\"\u00a0 Pour pr\u00e9parer dans de bonnes conditions les colis que l&rsquo;on envoie par La Poste, il convient d&rsquo;avoir un ruban adh\u00e9sif adapt\u00e9. Il est possible d&rsquo;en acheter sur Internet \u00e0 des prix d\u00e9fiants toute concurrence. L&rsquo;id\u00e9al est d&rsquo;ailleurs d&rsquo;acheter un lot de plusieurs rouleaux, ce qui vous reviendra largement moins cher \u00e0 l&rsquo;unit\u00e9 que d&rsquo;en ... Lire plus\" \/>\n<meta property=\"og:url\" content=\"https:\/\/horaireslaposte.com\/info\/achat-timbres-enveloppes\/ruban-adhesif\/\" \/>\n<meta property=\"og:site_name\" content=\"Info Business et Entreprise\" \/>\n<meta name=\"twitter:card\" content=\"summary_large_image\" \/>\n<script type=\"application\/ld+json\" class=\"yoast-schema-graph\">{\"@context\":\"https:\/\/schema.org\",\"@graph\":[{\"@type\":\"WebPage\",\"@id\":\"https:\/\/horaireslaposte.com\/info\/achat-timbres-enveloppes\/ruban-adhesif\/\",\"url\":\"https:\/\/horaireslaposte.com\/info\/achat-timbres-enveloppes\/ruban-adhesif\/\",\"name\":\"Ruban adh\u00e9sif - Info Business et Entreprise\",\"isPartOf\":{\"@id\":\"https:\/\/horaireslaposte.com\/info\/#website\"},\"datePublished\":\"2014-03-08T19:40:26+00:00\",\"breadcrumb\":{\"@id\":\"https:\/\/horaireslaposte.com\/info\/achat-timbres-enveloppes\/ruban-adhesif\/#breadcrumb\"},\"inLanguage\":\"fr-FR\",\"potentialAction\":[{\"@type\":\"ReadAction\",\"target\":[\"https:\/\/horaireslaposte.com\/info\/achat-timbres-enveloppes\/ruban-adhesif\/\"]}]},{\"@type\":\"BreadcrumbList\",\"@id\":\"https:\/\/horaireslaposte.com\/info\/achat-timbres-enveloppes\/ruban-adhesif\/#breadcrumb\",\"itemListElement\":[{\"@type\":\"ListItem\",\"position\":1,\"name\":\"Accueil\",\"item\":\"https:\/\/horaireslaposte.com\/info\/\"},{\"@type\":\"ListItem\",\"position\":2,\"name\":\"Achat timbres &#038; enveloppes\",\"item\":\"https:\/\/horaireslaposte.com\/info\/achat-timbres-enveloppes\/\"},{\"@type\":\"ListItem\",\"position\":3,\"name\":\"Ruban adh\u00e9sif\"}]},{\"@type\":\"WebSite\",\"@id\":\"https:\/\/horaireslaposte.com\/info\/#website\",\"url\":\"https:\/\/horaireslaposte.com\/info\/\",\"name\":\"Info Business et Entreprise\",\"description\":\"\",\"publisher\":{\"@id\":\"https:\/\/horaireslaposte.com\/info\/#organization\"},\"potentialAction\":[{\"@type\":\"SearchAction\",\"target\":{\"@type\":\"EntryPoint\",\"urlTemplate\":\"https:\/\/horaireslaposte.com\/info\/?s={search_term_string}\"},\"query-input\":{\"@type\":\"PropertyValueSpecification\",\"valueRequired\":true,\"valueName\":\"search_term_string\"}}],\"inLanguage\":\"fr-FR\"},{\"@type\":\"Organization\",\"@id\":\"https:\/\/horaireslaposte.com\/info\/#organization\",\"name\":\"Info Business et Entreprise\",\"url\":\"https:\/\/horaireslaposte.com\/info\/\",\"logo\":{\"@type\":\"ImageObject\",\"inLanguage\":\"fr-FR\",\"@id\":\"https:\/\/horaireslaposte.com\/info\/#\/schema\/logo\/image\/\",\"url\":\"https:\/\/horaireslaposte.com\/info\/wp-content\/uploads\/2024\/05\/cropped-Capture-decran-2024-05-20-a-12.31.27.png\",\"contentUrl\":\"https:\/\/horaireslaposte.com\/info\/wp-content\/uploads\/2024\/05\/cropped-Capture-decran-2024-05-20-a-12.31.27.png\",\"width\":346,\"height\":88,\"caption\":\"Info Business et Entreprise\"},\"image\":{\"@id\":\"https:\/\/horaireslaposte.com\/info\/#\/schema\/logo\/image\/\"}}]}<\/script>\n<!-- \/ Yoast SEO plugin. -->","yoast_head_json":{"title":"Ruban adh\u00e9sif - Info Business et Entreprise","robots":{"index":"index","follow":"follow","max-snippet":"max-snippet:-1","max-image-preview":"max-image-preview:large","max-video-preview":"max-video-preview:-1"},"canonical":"https:\/\/horaireslaposte.com\/info\/achat-timbres-enveloppes\/ruban-adhesif\/","og_locale":"fr_FR","og_type":"article","og_title":"Ruban adh\u00e9sif - Info Business et Entreprise","og_description":"\u00a0 Pour pr\u00e9parer dans de bonnes conditions les colis que l&rsquo;on envoie par La Poste, il convient d&rsquo;avoir un ruban adh\u00e9sif adapt\u00e9. Il est possible d&rsquo;en acheter sur Internet \u00e0 des prix d\u00e9fiants toute concurrence. L&rsquo;id\u00e9al est d&rsquo;ailleurs d&rsquo;acheter un lot de plusieurs rouleaux, ce qui vous reviendra largement moins cher \u00e0 l&rsquo;unit\u00e9 que d&rsquo;en ... Lire plus","og_url":"https:\/\/horaireslaposte.com\/info\/achat-timbres-enveloppes\/ruban-adhesif\/","og_site_name":"Info Business et Entreprise","twitter_card":"summary_large_image","schema":{"@context":"https:\/\/schema.org","@graph":[{"@type":"WebPage","@id":"https:\/\/horaireslaposte.com\/info\/achat-timbres-enveloppes\/ruban-adhesif\/","url":"https:\/\/horaireslaposte.com\/info\/achat-timbres-enveloppes\/ruban-adhesif\/","name":"Ruban adh\u00e9sif - Info Business et Entreprise","isPartOf":{"@id":"https:\/\/horaireslaposte.com\/info\/#website"},"datePublished":"2014-03-08T19:40:26+00:00","breadcrumb":{"@id":"https:\/\/horaireslaposte.com\/info\/achat-timbres-enveloppes\/ruban-adhesif\/#breadcrumb"},"inLanguage":"fr-FR","potentialAction":[{"@type":"ReadAction","target":["https:\/\/horaireslaposte.com\/info\/achat-timbres-enveloppes\/ruban-adhesif\/"]}]},{"@type":"BreadcrumbList","@id":"https:\/\/horaireslaposte.com\/info\/achat-timbres-enveloppes\/ruban-adhesif\/#breadcrumb","itemListElement":[{"@type":"ListItem","position":1,"name":"Accueil","item":"https:\/\/horaireslaposte.com\/info\/"},{"@type":"ListItem","position":2,"name":"Achat timbres &#038; enveloppes","item":"https:\/\/horaireslaposte.com\/info\/achat-timbres-enveloppes\/"},{"@type":"ListItem","position":3,"name":"Ruban adh\u00e9sif"}]},{"@type":"WebSite","@id":"https:\/\/horaireslaposte.com\/info\/#website","url":"https:\/\/horaireslaposte.com\/info\/","name":"Info Business et Entreprise","description":"","publisher":{"@id":"https:\/\/horaireslaposte.com\/info\/#organization"},"potentialAction":[{"@type":"SearchAction","target":{"@type":"EntryPoint","urlTemplate":"https:\/\/horaireslaposte.com\/info\/?s={search_term_string}"},"query-input":{"@type":"PropertyValueSpecification","valueRequired":true,"valueName":"search_term_string"}}],"inLanguage":"fr-FR"},{"@type":"Organization","@id":"https:\/\/horaireslaposte.com\/info\/#organization","name":"Info Business et Entreprise","url":"https:\/\/horaireslaposte.com\/info\/","logo":{"@type":"ImageObject","inLanguage":"fr-FR","@id":"https:\/\/horaireslaposte.com\/info\/#\/schema\/logo\/image\/","url":"https:\/\/horaireslaposte.com\/info\/wp-content\/uploads\/2024\/05\/cropped-Capture-decran-2024-05-20-a-12.31.27.png","contentUrl":"https:\/\/horaireslaposte.com\/info\/wp-content\/uploads\/2024\/05\/cropped-Capture-decran-2024-05-20-a-12.31.27.png","width":346,"height":88,"caption":"Info Business et Entreprise"},"image":{"@id":"https:\/\/horaireslaposte.com\/info\/#\/schema\/logo\/image\/"}}]}},"_links":{"self":[{"href":"https:\/\/horaireslaposte.com\/info\/wp-json\/wp\/v2\/pages\/192","targetHints":{"allow":["GET"]}}],"collection":[{"href":"https:\/\/horaireslaposte.com\/info\/wp-json\/wp\/v2\/pages"}],"about":[{"href":"https:\/\/horaireslaposte.com\/info\/wp-json\/wp\/v2\/types\/page"}],"author":[{"embeddable":true,"href":"https:\/\/horaireslaposte.com\/info\/wp-json\/wp\/v2\/users\/1"}],"replies":[{"embeddable":true,"href":"https:\/\/horaireslaposte.com\/info\/wp-json\/wp\/v2\/comments?post=192"}],"version-history":[{"count":0,"href":"https:\/\/horaireslaposte.com\/info\/wp-json\/wp\/v2\/pages\/192\/revisions"}],"up":[{"embeddable":true,"href":"https:\/\/horaireslaposte.com\/info\/wp-json\/wp\/v2\/pages\/12"}],"wp:attachment":[{"href":"https:\/\/horaireslaposte.com\/info\/wp-json\/wp\/v2\/media?parent=192"}],"curies":[{"name":"wp","href":"https:\/\/api.w.org\/{rel}","templated":true}]}}