{"id":190,"date":"2014-03-08T20:37:15","date_gmt":"2014-03-08T19:37:15","guid":{"rendered":"http:\/\/tarifspostaux.info\/?page_id=190"},"modified":"2014-03-08T20:37:15","modified_gmt":"2014-03-08T19:37:15","slug":"carton-colis","status":"publish","type":"page","link":"https:\/\/horaireslaposte.com\/info\/achat-timbres-enveloppes\/carton-colis\/","title":{"rendered":"Carton colis"},"content":{"rendered":"<div class=\"vshopBig\" data-key=\"odwpe\" data-tracking=\"tarifspostaux.info-carton_colis\" data-keyword=\"carton colis\" style=\"width:100%;\"><\/div>\n<p>\u00a0<script type=\"text\/javascript\" src=\"http:\/\/www.vshop.fr\/js\/freakBig2.js\"><\/script><\/p>\n<p>Pour envoyer un colis, La Poste propose des emballages pr\u00e9 affranchis. Ces derniers co\u00fbtent assez chers et pour ceux qui souhaitent conserver leur pouvoir d&rsquo;achat, il est recommand\u00e9 de pr\u00e9parer soi-m\u00eame les colis en utilisant par exemple des cartons classiques. Ils se vendent g\u00e9n\u00e9ralement en lots de 10, 25, 50 et plus, dans de nombreuses dimensions. Ils sont livr\u00e9s d\u00e9pli\u00e9s pour un gain de place bien \u00e9videmment et il conviendra de fermer le carton avec un ruban adh\u00e9sif.<\/p>\n","protected":false},"excerpt":{"rendered":"<p>\u00a0 Pour envoyer un colis, La Poste propose des emballages pr\u00e9 affranchis. Ces derniers co\u00fbtent assez chers et pour ceux qui souhaitent conserver leur pouvoir d&rsquo;achat, il est recommand\u00e9 de pr\u00e9parer soi-m\u00eame les colis en utilisant par exemple des cartons classiques. Ils se vendent g\u00e9n\u00e9ralement en lots de 10, 25, 50 et plus, dans de &#8230; <a title=\"Carton colis\" class=\"read-more\" href=\"https:\/\/horaireslaposte.com\/info\/achat-timbres-enveloppes\/carton-colis\/\" aria-label=\"En savoir plus sur Carton colis\">Lire plus<\/a><\/p>\n","protected":false},"author":1,"featured_media":0,"parent":12,"menu_order":0,"comment_status":"closed","ping_status":"closed","template":"page-templates\/full-width.php","meta":{"footnotes":""},"class_list":["post-190","page","type-page","status-publish"],"yoast_head":"<!-- This site is optimized with the Yoast SEO plugin v25.7 - https:\/\/yoast.com\/wordpress\/plugins\/seo\/ -->\n<title>Carton colis - Info Business et Entreprise<\/title>\n<meta name=\"robots\" content=\"index, follow, max-snippet:-1, max-image-preview:large, max-video-preview:-1\" \/>\n<link rel=\"canonical\" href=\"https:\/\/horaireslaposte.com\/info\/achat-timbres-enveloppes\/carton-colis\/\" \/>\n<meta property=\"og:locale\" content=\"fr_FR\" \/>\n<meta property=\"og:type\" content=\"article\" \/>\n<meta property=\"og:title\" content=\"Carton colis - Info Business et Entreprise\" \/>\n<meta property=\"og:description\" content=\"\u00a0 Pour envoyer un colis, La Poste propose des emballages pr\u00e9 affranchis. Ces derniers co\u00fbtent assez chers et pour ceux qui souhaitent conserver leur pouvoir d&rsquo;achat, il est recommand\u00e9 de pr\u00e9parer soi-m\u00eame les colis en utilisant par exemple des cartons classiques. Ils se vendent g\u00e9n\u00e9ralement en lots de 10, 25, 50 et plus, dans de ... Lire plus\" \/>\n<meta property=\"og:url\" content=\"https:\/\/horaireslaposte.com\/info\/achat-timbres-enveloppes\/carton-colis\/\" \/>\n<meta property=\"og:site_name\" content=\"Info Business et Entreprise\" \/>\n<meta name=\"twitter:card\" content=\"summary_large_image\" \/>\n<script type=\"application\/ld+json\" class=\"yoast-schema-graph\">{\"@context\":\"https:\/\/schema.org\",\"@graph\":[{\"@type\":\"WebPage\",\"@id\":\"https:\/\/horaireslaposte.com\/info\/achat-timbres-enveloppes\/carton-colis\/\",\"url\":\"https:\/\/horaireslaposte.com\/info\/achat-timbres-enveloppes\/carton-colis\/\",\"name\":\"Carton colis - Info Business et Entreprise\",\"isPartOf\":{\"@id\":\"https:\/\/horaireslaposte.com\/info\/#website\"},\"datePublished\":\"2014-03-08T19:37:15+00:00\",\"breadcrumb\":{\"@id\":\"https:\/\/horaireslaposte.com\/info\/achat-timbres-enveloppes\/carton-colis\/#breadcrumb\"},\"inLanguage\":\"fr-FR\",\"potentialAction\":[{\"@type\":\"ReadAction\",\"target\":[\"https:\/\/horaireslaposte.com\/info\/achat-timbres-enveloppes\/carton-colis\/\"]}]},{\"@type\":\"BreadcrumbList\",\"@id\":\"https:\/\/horaireslaposte.com\/info\/achat-timbres-enveloppes\/carton-colis\/#breadcrumb\",\"itemListElement\":[{\"@type\":\"ListItem\",\"position\":1,\"name\":\"Accueil\",\"item\":\"https:\/\/horaireslaposte.com\/info\/\"},{\"@type\":\"ListItem\",\"position\":2,\"name\":\"Achat timbres &#038; enveloppes\",\"item\":\"https:\/\/horaireslaposte.com\/info\/achat-timbres-enveloppes\/\"},{\"@type\":\"ListItem\",\"position\":3,\"name\":\"Carton colis\"}]},{\"@type\":\"WebSite\",\"@id\":\"https:\/\/horaireslaposte.com\/info\/#website\",\"url\":\"https:\/\/horaireslaposte.com\/info\/\",\"name\":\"Info Business et Entreprise\",\"description\":\"\",\"publisher\":{\"@id\":\"https:\/\/horaireslaposte.com\/info\/#organization\"},\"potentialAction\":[{\"@type\":\"SearchAction\",\"target\":{\"@type\":\"EntryPoint\",\"urlTemplate\":\"https:\/\/horaireslaposte.com\/info\/?s={search_term_string}\"},\"query-input\":{\"@type\":\"PropertyValueSpecification\",\"valueRequired\":true,\"valueName\":\"search_term_string\"}}],\"inLanguage\":\"fr-FR\"},{\"@type\":\"Organization\",\"@id\":\"https:\/\/horaireslaposte.com\/info\/#organization\",\"name\":\"Info Business et Entreprise\",\"url\":\"https:\/\/horaireslaposte.com\/info\/\",\"logo\":{\"@type\":\"ImageObject\",\"inLanguage\":\"fr-FR\",\"@id\":\"https:\/\/horaireslaposte.com\/info\/#\/schema\/logo\/image\/\",\"url\":\"https:\/\/horaireslaposte.com\/info\/wp-content\/uploads\/2024\/05\/cropped-Capture-decran-2024-05-20-a-12.31.27.png\",\"contentUrl\":\"https:\/\/horaireslaposte.com\/info\/wp-content\/uploads\/2024\/05\/cropped-Capture-decran-2024-05-20-a-12.31.27.png\",\"width\":346,\"height\":88,\"caption\":\"Info Business et Entreprise\"},\"image\":{\"@id\":\"https:\/\/horaireslaposte.com\/info\/#\/schema\/logo\/image\/\"}}]}<\/script>\n<!-- \/ Yoast SEO plugin. -->","yoast_head_json":{"title":"Carton colis - Info Business et Entreprise","robots":{"index":"index","follow":"follow","max-snippet":"max-snippet:-1","max-image-preview":"max-image-preview:large","max-video-preview":"max-video-preview:-1"},"canonical":"https:\/\/horaireslaposte.com\/info\/achat-timbres-enveloppes\/carton-colis\/","og_locale":"fr_FR","og_type":"article","og_title":"Carton colis - Info Business et Entreprise","og_description":"\u00a0 Pour envoyer un colis, La Poste propose des emballages pr\u00e9 affranchis. Ces derniers co\u00fbtent assez chers et pour ceux qui souhaitent conserver leur pouvoir d&rsquo;achat, il est recommand\u00e9 de pr\u00e9parer soi-m\u00eame les colis en utilisant par exemple des cartons classiques. Ils se vendent g\u00e9n\u00e9ralement en lots de 10, 25, 50 et plus, dans de ... Lire plus","og_url":"https:\/\/horaireslaposte.com\/info\/achat-timbres-enveloppes\/carton-colis\/","og_site_name":"Info Business et Entreprise","twitter_card":"summary_large_image","schema":{"@context":"https:\/\/schema.org","@graph":[{"@type":"WebPage","@id":"https:\/\/horaireslaposte.com\/info\/achat-timbres-enveloppes\/carton-colis\/","url":"https:\/\/horaireslaposte.com\/info\/achat-timbres-enveloppes\/carton-colis\/","name":"Carton colis - Info Business et Entreprise","isPartOf":{"@id":"https:\/\/horaireslaposte.com\/info\/#website"},"datePublished":"2014-03-08T19:37:15+00:00","breadcrumb":{"@id":"https:\/\/horaireslaposte.com\/info\/achat-timbres-enveloppes\/carton-colis\/#breadcrumb"},"inLanguage":"fr-FR","potentialAction":[{"@type":"ReadAction","target":["https:\/\/horaireslaposte.com\/info\/achat-timbres-enveloppes\/carton-colis\/"]}]},{"@type":"BreadcrumbList","@id":"https:\/\/horaireslaposte.com\/info\/achat-timbres-enveloppes\/carton-colis\/#breadcrumb","itemListElement":[{"@type":"ListItem","position":1,"name":"Accueil","item":"https:\/\/horaireslaposte.com\/info\/"},{"@type":"ListItem","position":2,"name":"Achat timbres &#038; enveloppes","item":"https:\/\/horaireslaposte.com\/info\/achat-timbres-enveloppes\/"},{"@type":"ListItem","position":3,"name":"Carton colis"}]},{"@type":"WebSite","@id":"https:\/\/horaireslaposte.com\/info\/#website","url":"https:\/\/horaireslaposte.com\/info\/","name":"Info Business et Entreprise","description":"","publisher":{"@id":"https:\/\/horaireslaposte.com\/info\/#organization"},"potentialAction":[{"@type":"SearchAction","target":{"@type":"EntryPoint","urlTemplate":"https:\/\/horaireslaposte.com\/info\/?s={search_term_string}"},"query-input":{"@type":"PropertyValueSpecification","valueRequired":true,"valueName":"search_term_string"}}],"inLanguage":"fr-FR"},{"@type":"Organization","@id":"https:\/\/horaireslaposte.com\/info\/#organization","name":"Info Business et Entreprise","url":"https:\/\/horaireslaposte.com\/info\/","logo":{"@type":"ImageObject","inLanguage":"fr-FR","@id":"https:\/\/horaireslaposte.com\/info\/#\/schema\/logo\/image\/","url":"https:\/\/horaireslaposte.com\/info\/wp-content\/uploads\/2024\/05\/cropped-Capture-decran-2024-05-20-a-12.31.27.png","contentUrl":"https:\/\/horaireslaposte.com\/info\/wp-content\/uploads\/2024\/05\/cropped-Capture-decran-2024-05-20-a-12.31.27.png","width":346,"height":88,"caption":"Info Business et Entreprise"},"image":{"@id":"https:\/\/horaireslaposte.com\/info\/#\/schema\/logo\/image\/"}}]}},"_links":{"self":[{"href":"https:\/\/horaireslaposte.com\/info\/wp-json\/wp\/v2\/pages\/190","targetHints":{"allow":["GET"]}}],"collection":[{"href":"https:\/\/horaireslaposte.com\/info\/wp-json\/wp\/v2\/pages"}],"about":[{"href":"https:\/\/horaireslaposte.com\/info\/wp-json\/wp\/v2\/types\/page"}],"author":[{"embeddable":true,"href":"https:\/\/horaireslaposte.com\/info\/wp-json\/wp\/v2\/users\/1"}],"replies":[{"embeddable":true,"href":"https:\/\/horaireslaposte.com\/info\/wp-json\/wp\/v2\/comments?post=190"}],"version-history":[{"count":0,"href":"https:\/\/horaireslaposte.com\/info\/wp-json\/wp\/v2\/pages\/190\/revisions"}],"up":[{"embeddable":true,"href":"https:\/\/horaireslaposte.com\/info\/wp-json\/wp\/v2\/pages\/12"}],"wp:attachment":[{"href":"https:\/\/horaireslaposte.com\/info\/wp-json\/wp\/v2\/media?parent=190"}],"curies":[{"name":"wp","href":"https:\/\/api.w.org\/{rel}","templated":true}]}}