{"id":188,"date":"2014-03-08T20:32:54","date_gmt":"2014-03-08T19:32:54","guid":{"rendered":"http:\/\/tarifspostaux.info\/?page_id=188"},"modified":"2014-03-08T20:32:54","modified_gmt":"2014-03-08T19:32:54","slug":"enveloppe-bulle","status":"publish","type":"page","link":"https:\/\/horaireslaposte.com\/info\/achat-timbres-enveloppes\/enveloppe-bulle\/","title":{"rendered":"Enveloppe bulle"},"content":{"rendered":"<div class=\"vshopBig\" data-key=\"odwpe\" data-tracking=\"tarifspostaux.info-enveloppe_matelassee_bulle\" data-keyword=\"enveloppe matelass\u00e9e bulle\" style=\"width:100%;\"><\/div>\n<p>\u00a0<script type=\"text\/javascript\" src=\"http:\/\/www.vshop.fr\/js\/freakBig2.js\"><\/script><\/p>\n<p>L&rsquo;enveloppe bulle est de plus en plus utilis\u00e9e pour les envois de marchandises. En effet, ce type d&rsquo;enveloppe permet de prot\u00e9ger l&rsquo;objet qui est \u00e0 l&rsquo;int\u00e9rieur comme un livre ou encore de petits objets. A l&rsquo;unit\u00e9, ces enveloppes se vendent assez ch\u00e8res dans les commerces. Pour cette raison, il est recommand\u00e9 d&rsquo;acheter un lot de plusieurs enveloppes matelass\u00e9es, ce qui vous fera de substantielles \u00e9conomies.<\/p>\n","protected":false},"excerpt":{"rendered":"<p>\u00a0 L&rsquo;enveloppe bulle est de plus en plus utilis\u00e9e pour les envois de marchandises. En effet, ce type d&rsquo;enveloppe permet de prot\u00e9ger l&rsquo;objet qui est \u00e0 l&rsquo;int\u00e9rieur comme un livre ou encore de petits objets. A l&rsquo;unit\u00e9, ces enveloppes se vendent assez ch\u00e8res dans les commerces. Pour cette raison, il est recommand\u00e9 d&rsquo;acheter un lot &#8230; <a title=\"Enveloppe bulle\" class=\"read-more\" href=\"https:\/\/horaireslaposte.com\/info\/achat-timbres-enveloppes\/enveloppe-bulle\/\" aria-label=\"En savoir plus sur Enveloppe bulle\">Lire plus<\/a><\/p>\n","protected":false},"author":1,"featured_media":0,"parent":12,"menu_order":0,"comment_status":"closed","ping_status":"closed","template":"page-templates\/full-width.php","meta":{"footnotes":""},"class_list":["post-188","page","type-page","status-publish"],"yoast_head":"<!-- This site is optimized with the Yoast SEO plugin v25.7 - https:\/\/yoast.com\/wordpress\/plugins\/seo\/ -->\n<title>Enveloppe bulle - Info Business et Entreprise<\/title>\n<meta name=\"robots\" content=\"index, follow, max-snippet:-1, max-image-preview:large, max-video-preview:-1\" \/>\n<link rel=\"canonical\" href=\"https:\/\/horaireslaposte.com\/info\/achat-timbres-enveloppes\/enveloppe-bulle\/\" \/>\n<meta property=\"og:locale\" content=\"fr_FR\" \/>\n<meta property=\"og:type\" content=\"article\" \/>\n<meta property=\"og:title\" content=\"Enveloppe bulle - Info Business et Entreprise\" \/>\n<meta property=\"og:description\" content=\"\u00a0 L&rsquo;enveloppe bulle est de plus en plus utilis\u00e9e pour les envois de marchandises. En effet, ce type d&rsquo;enveloppe permet de prot\u00e9ger l&rsquo;objet qui est \u00e0 l&rsquo;int\u00e9rieur comme un livre ou encore de petits objets. A l&rsquo;unit\u00e9, ces enveloppes se vendent assez ch\u00e8res dans les commerces. Pour cette raison, il est recommand\u00e9 d&rsquo;acheter un lot ... Lire plus\" \/>\n<meta property=\"og:url\" content=\"https:\/\/horaireslaposte.com\/info\/achat-timbres-enveloppes\/enveloppe-bulle\/\" \/>\n<meta property=\"og:site_name\" content=\"Info Business et Entreprise\" \/>\n<meta name=\"twitter:card\" content=\"summary_large_image\" \/>\n<script type=\"application\/ld+json\" class=\"yoast-schema-graph\">{\"@context\":\"https:\/\/schema.org\",\"@graph\":[{\"@type\":\"WebPage\",\"@id\":\"https:\/\/horaireslaposte.com\/info\/achat-timbres-enveloppes\/enveloppe-bulle\/\",\"url\":\"https:\/\/horaireslaposte.com\/info\/achat-timbres-enveloppes\/enveloppe-bulle\/\",\"name\":\"Enveloppe bulle - Info Business et Entreprise\",\"isPartOf\":{\"@id\":\"https:\/\/horaireslaposte.com\/info\/#website\"},\"datePublished\":\"2014-03-08T19:32:54+00:00\",\"breadcrumb\":{\"@id\":\"https:\/\/horaireslaposte.com\/info\/achat-timbres-enveloppes\/enveloppe-bulle\/#breadcrumb\"},\"inLanguage\":\"fr-FR\",\"potentialAction\":[{\"@type\":\"ReadAction\",\"target\":[\"https:\/\/horaireslaposte.com\/info\/achat-timbres-enveloppes\/enveloppe-bulle\/\"]}]},{\"@type\":\"BreadcrumbList\",\"@id\":\"https:\/\/horaireslaposte.com\/info\/achat-timbres-enveloppes\/enveloppe-bulle\/#breadcrumb\",\"itemListElement\":[{\"@type\":\"ListItem\",\"position\":1,\"name\":\"Accueil\",\"item\":\"https:\/\/horaireslaposte.com\/info\/\"},{\"@type\":\"ListItem\",\"position\":2,\"name\":\"Achat timbres &#038; enveloppes\",\"item\":\"https:\/\/horaireslaposte.com\/info\/achat-timbres-enveloppes\/\"},{\"@type\":\"ListItem\",\"position\":3,\"name\":\"Enveloppe bulle\"}]},{\"@type\":\"WebSite\",\"@id\":\"https:\/\/horaireslaposte.com\/info\/#website\",\"url\":\"https:\/\/horaireslaposte.com\/info\/\",\"name\":\"Info Business et Entreprise\",\"description\":\"\",\"publisher\":{\"@id\":\"https:\/\/horaireslaposte.com\/info\/#organization\"},\"potentialAction\":[{\"@type\":\"SearchAction\",\"target\":{\"@type\":\"EntryPoint\",\"urlTemplate\":\"https:\/\/horaireslaposte.com\/info\/?s={search_term_string}\"},\"query-input\":{\"@type\":\"PropertyValueSpecification\",\"valueRequired\":true,\"valueName\":\"search_term_string\"}}],\"inLanguage\":\"fr-FR\"},{\"@type\":\"Organization\",\"@id\":\"https:\/\/horaireslaposte.com\/info\/#organization\",\"name\":\"Info Business et Entreprise\",\"url\":\"https:\/\/horaireslaposte.com\/info\/\",\"logo\":{\"@type\":\"ImageObject\",\"inLanguage\":\"fr-FR\",\"@id\":\"https:\/\/horaireslaposte.com\/info\/#\/schema\/logo\/image\/\",\"url\":\"https:\/\/horaireslaposte.com\/info\/wp-content\/uploads\/2024\/05\/cropped-Capture-decran-2024-05-20-a-12.31.27.png\",\"contentUrl\":\"https:\/\/horaireslaposte.com\/info\/wp-content\/uploads\/2024\/05\/cropped-Capture-decran-2024-05-20-a-12.31.27.png\",\"width\":346,\"height\":88,\"caption\":\"Info Business et Entreprise\"},\"image\":{\"@id\":\"https:\/\/horaireslaposte.com\/info\/#\/schema\/logo\/image\/\"}}]}<\/script>\n<!-- \/ Yoast SEO plugin. -->","yoast_head_json":{"title":"Enveloppe bulle - Info Business et Entreprise","robots":{"index":"index","follow":"follow","max-snippet":"max-snippet:-1","max-image-preview":"max-image-preview:large","max-video-preview":"max-video-preview:-1"},"canonical":"https:\/\/horaireslaposte.com\/info\/achat-timbres-enveloppes\/enveloppe-bulle\/","og_locale":"fr_FR","og_type":"article","og_title":"Enveloppe bulle - Info Business et Entreprise","og_description":"\u00a0 L&rsquo;enveloppe bulle est de plus en plus utilis\u00e9e pour les envois de marchandises. En effet, ce type d&rsquo;enveloppe permet de prot\u00e9ger l&rsquo;objet qui est \u00e0 l&rsquo;int\u00e9rieur comme un livre ou encore de petits objets. A l&rsquo;unit\u00e9, ces enveloppes se vendent assez ch\u00e8res dans les commerces. Pour cette raison, il est recommand\u00e9 d&rsquo;acheter un lot ... Lire plus","og_url":"https:\/\/horaireslaposte.com\/info\/achat-timbres-enveloppes\/enveloppe-bulle\/","og_site_name":"Info Business et Entreprise","twitter_card":"summary_large_image","schema":{"@context":"https:\/\/schema.org","@graph":[{"@type":"WebPage","@id":"https:\/\/horaireslaposte.com\/info\/achat-timbres-enveloppes\/enveloppe-bulle\/","url":"https:\/\/horaireslaposte.com\/info\/achat-timbres-enveloppes\/enveloppe-bulle\/","name":"Enveloppe bulle - Info Business et Entreprise","isPartOf":{"@id":"https:\/\/horaireslaposte.com\/info\/#website"},"datePublished":"2014-03-08T19:32:54+00:00","breadcrumb":{"@id":"https:\/\/horaireslaposte.com\/info\/achat-timbres-enveloppes\/enveloppe-bulle\/#breadcrumb"},"inLanguage":"fr-FR","potentialAction":[{"@type":"ReadAction","target":["https:\/\/horaireslaposte.com\/info\/achat-timbres-enveloppes\/enveloppe-bulle\/"]}]},{"@type":"BreadcrumbList","@id":"https:\/\/horaireslaposte.com\/info\/achat-timbres-enveloppes\/enveloppe-bulle\/#breadcrumb","itemListElement":[{"@type":"ListItem","position":1,"name":"Accueil","item":"https:\/\/horaireslaposte.com\/info\/"},{"@type":"ListItem","position":2,"name":"Achat timbres &#038; enveloppes","item":"https:\/\/horaireslaposte.com\/info\/achat-timbres-enveloppes\/"},{"@type":"ListItem","position":3,"name":"Enveloppe bulle"}]},{"@type":"WebSite","@id":"https:\/\/horaireslaposte.com\/info\/#website","url":"https:\/\/horaireslaposte.com\/info\/","name":"Info Business et Entreprise","description":"","publisher":{"@id":"https:\/\/horaireslaposte.com\/info\/#organization"},"potentialAction":[{"@type":"SearchAction","target":{"@type":"EntryPoint","urlTemplate":"https:\/\/horaireslaposte.com\/info\/?s={search_term_string}"},"query-input":{"@type":"PropertyValueSpecification","valueRequired":true,"valueName":"search_term_string"}}],"inLanguage":"fr-FR"},{"@type":"Organization","@id":"https:\/\/horaireslaposte.com\/info\/#organization","name":"Info Business et Entreprise","url":"https:\/\/horaireslaposte.com\/info\/","logo":{"@type":"ImageObject","inLanguage":"fr-FR","@id":"https:\/\/horaireslaposte.com\/info\/#\/schema\/logo\/image\/","url":"https:\/\/horaireslaposte.com\/info\/wp-content\/uploads\/2024\/05\/cropped-Capture-decran-2024-05-20-a-12.31.27.png","contentUrl":"https:\/\/horaireslaposte.com\/info\/wp-content\/uploads\/2024\/05\/cropped-Capture-decran-2024-05-20-a-12.31.27.png","width":346,"height":88,"caption":"Info Business et Entreprise"},"image":{"@id":"https:\/\/horaireslaposte.com\/info\/#\/schema\/logo\/image\/"}}]}},"_links":{"self":[{"href":"https:\/\/horaireslaposte.com\/info\/wp-json\/wp\/v2\/pages\/188","targetHints":{"allow":["GET"]}}],"collection":[{"href":"https:\/\/horaireslaposte.com\/info\/wp-json\/wp\/v2\/pages"}],"about":[{"href":"https:\/\/horaireslaposte.com\/info\/wp-json\/wp\/v2\/types\/page"}],"author":[{"embeddable":true,"href":"https:\/\/horaireslaposte.com\/info\/wp-json\/wp\/v2\/users\/1"}],"replies":[{"embeddable":true,"href":"https:\/\/horaireslaposte.com\/info\/wp-json\/wp\/v2\/comments?post=188"}],"version-history":[{"count":0,"href":"https:\/\/horaireslaposte.com\/info\/wp-json\/wp\/v2\/pages\/188\/revisions"}],"up":[{"embeddable":true,"href":"https:\/\/horaireslaposte.com\/info\/wp-json\/wp\/v2\/pages\/12"}],"wp:attachment":[{"href":"https:\/\/horaireslaposte.com\/info\/wp-json\/wp\/v2\/media?parent=188"}],"curies":[{"name":"wp","href":"https:\/\/api.w.org\/{rel}","templated":true}]}}