{"id":180,"date":"2014-03-08T20:20:56","date_gmt":"2014-03-08T19:20:56","guid":{"rendered":"http:\/\/tarifspostaux.info\/?page_id=180"},"modified":"2014-03-08T20:20:56","modified_gmt":"2014-03-08T19:20:56","slug":"balance-electronique","status":"publish","type":"page","link":"https:\/\/horaireslaposte.com\/info\/achat-timbres-enveloppes\/balance-electronique\/","title":{"rendered":"Balance \u00e9lectronique"},"content":{"rendered":"<div class=\"vshopBig\" data-key=\"odwpe\" data-tracking=\"tarifspostaux.info-balance_electronique\" data-keyword=\"balance \u00e9lectronique\" style=\"width:100%;\"><\/div>\n<p>\u00a0<script type=\"text\/javascript\" src=\"http:\/\/www.vshop.fr\/js\/freakBig2.js\"><\/script><\/p>\n<p>Qu&rsquo;il s&rsquo;agisse de pr\u00e9parer l&rsquo;affranchissement de votre courrier ou de votre colis, une balance \u00e9lectronique sera d&rsquo;une grande utilit\u00e9. En effet, vous pourrez timbrer le tout avant m\u00eame de vous rendre \u00e0 votre bureau de poste, ce qui vous fera gagner un temps tr\u00e8s important. Selon votre utilisation, pensez \u00e0 acheter une balance ad\u00e9quate. Par exemple, si vous n&rsquo;envoyez que des plis de moins de 50 grammes, optez pour une balance de pr\u00e9cision au gramme pr\u00e8s. Si en revanche, vous avez l&rsquo;habitude d&rsquo;envoyer des colis de plusieurs kilos, vous pourrez prendre une balance qui affiche la masse \u00e0 5 grammes pr\u00e8s.<\/p>\n","protected":false},"excerpt":{"rendered":"<p>\u00a0 Qu&rsquo;il s&rsquo;agisse de pr\u00e9parer l&rsquo;affranchissement de votre courrier ou de votre colis, une balance \u00e9lectronique sera d&rsquo;une grande utilit\u00e9. En effet, vous pourrez timbrer le tout avant m\u00eame de vous rendre \u00e0 votre bureau de poste, ce qui vous fera gagner un temps tr\u00e8s important. Selon votre utilisation, pensez \u00e0 acheter une balance ad\u00e9quate. &#8230; <a title=\"Balance \u00e9lectronique\" class=\"read-more\" href=\"https:\/\/horaireslaposte.com\/info\/achat-timbres-enveloppes\/balance-electronique\/\" aria-label=\"En savoir plus sur Balance \u00e9lectronique\">Lire plus<\/a><\/p>\n","protected":false},"author":1,"featured_media":0,"parent":12,"menu_order":0,"comment_status":"closed","ping_status":"closed","template":"page-templates\/full-width.php","meta":{"footnotes":""},"class_list":["post-180","page","type-page","status-publish"],"yoast_head":"<!-- This site is optimized with the Yoast SEO plugin v25.7 - https:\/\/yoast.com\/wordpress\/plugins\/seo\/ -->\n<title>Balance \u00e9lectronique - Info Business et Entreprise<\/title>\n<meta name=\"robots\" content=\"index, follow, max-snippet:-1, max-image-preview:large, max-video-preview:-1\" \/>\n<link rel=\"canonical\" href=\"https:\/\/horaireslaposte.com\/info\/achat-timbres-enveloppes\/balance-electronique\/\" \/>\n<meta property=\"og:locale\" content=\"fr_FR\" \/>\n<meta property=\"og:type\" content=\"article\" \/>\n<meta property=\"og:title\" content=\"Balance \u00e9lectronique - Info Business et Entreprise\" \/>\n<meta property=\"og:description\" content=\"\u00a0 Qu&rsquo;il s&rsquo;agisse de pr\u00e9parer l&rsquo;affranchissement de votre courrier ou de votre colis, une balance \u00e9lectronique sera d&rsquo;une grande utilit\u00e9. En effet, vous pourrez timbrer le tout avant m\u00eame de vous rendre \u00e0 votre bureau de poste, ce qui vous fera gagner un temps tr\u00e8s important. Selon votre utilisation, pensez \u00e0 acheter une balance ad\u00e9quate. ... Lire plus\" \/>\n<meta property=\"og:url\" content=\"https:\/\/horaireslaposte.com\/info\/achat-timbres-enveloppes\/balance-electronique\/\" \/>\n<meta property=\"og:site_name\" content=\"Info Business et Entreprise\" \/>\n<meta name=\"twitter:card\" content=\"summary_large_image\" \/>\n<script type=\"application\/ld+json\" class=\"yoast-schema-graph\">{\"@context\":\"https:\/\/schema.org\",\"@graph\":[{\"@type\":\"WebPage\",\"@id\":\"https:\/\/horaireslaposte.com\/info\/achat-timbres-enveloppes\/balance-electronique\/\",\"url\":\"https:\/\/horaireslaposte.com\/info\/achat-timbres-enveloppes\/balance-electronique\/\",\"name\":\"Balance \u00e9lectronique - Info Business et Entreprise\",\"isPartOf\":{\"@id\":\"https:\/\/horaireslaposte.com\/info\/#website\"},\"datePublished\":\"2014-03-08T19:20:56+00:00\",\"breadcrumb\":{\"@id\":\"https:\/\/horaireslaposte.com\/info\/achat-timbres-enveloppes\/balance-electronique\/#breadcrumb\"},\"inLanguage\":\"fr-FR\",\"potentialAction\":[{\"@type\":\"ReadAction\",\"target\":[\"https:\/\/horaireslaposte.com\/info\/achat-timbres-enveloppes\/balance-electronique\/\"]}]},{\"@type\":\"BreadcrumbList\",\"@id\":\"https:\/\/horaireslaposte.com\/info\/achat-timbres-enveloppes\/balance-electronique\/#breadcrumb\",\"itemListElement\":[{\"@type\":\"ListItem\",\"position\":1,\"name\":\"Accueil\",\"item\":\"https:\/\/horaireslaposte.com\/info\/\"},{\"@type\":\"ListItem\",\"position\":2,\"name\":\"Achat timbres &#038; enveloppes\",\"item\":\"https:\/\/horaireslaposte.com\/info\/achat-timbres-enveloppes\/\"},{\"@type\":\"ListItem\",\"position\":3,\"name\":\"Balance \u00e9lectronique\"}]},{\"@type\":\"WebSite\",\"@id\":\"https:\/\/horaireslaposte.com\/info\/#website\",\"url\":\"https:\/\/horaireslaposte.com\/info\/\",\"name\":\"Info Business et Entreprise\",\"description\":\"\",\"publisher\":{\"@id\":\"https:\/\/horaireslaposte.com\/info\/#organization\"},\"potentialAction\":[{\"@type\":\"SearchAction\",\"target\":{\"@type\":\"EntryPoint\",\"urlTemplate\":\"https:\/\/horaireslaposte.com\/info\/?s={search_term_string}\"},\"query-input\":{\"@type\":\"PropertyValueSpecification\",\"valueRequired\":true,\"valueName\":\"search_term_string\"}}],\"inLanguage\":\"fr-FR\"},{\"@type\":\"Organization\",\"@id\":\"https:\/\/horaireslaposte.com\/info\/#organization\",\"name\":\"Info Business et Entreprise\",\"url\":\"https:\/\/horaireslaposte.com\/info\/\",\"logo\":{\"@type\":\"ImageObject\",\"inLanguage\":\"fr-FR\",\"@id\":\"https:\/\/horaireslaposte.com\/info\/#\/schema\/logo\/image\/\",\"url\":\"https:\/\/horaireslaposte.com\/info\/wp-content\/uploads\/2024\/05\/cropped-Capture-decran-2024-05-20-a-12.31.27.png\",\"contentUrl\":\"https:\/\/horaireslaposte.com\/info\/wp-content\/uploads\/2024\/05\/cropped-Capture-decran-2024-05-20-a-12.31.27.png\",\"width\":346,\"height\":88,\"caption\":\"Info Business et Entreprise\"},\"image\":{\"@id\":\"https:\/\/horaireslaposte.com\/info\/#\/schema\/logo\/image\/\"}}]}<\/script>\n<!-- \/ Yoast SEO plugin. -->","yoast_head_json":{"title":"Balance \u00e9lectronique - Info Business et Entreprise","robots":{"index":"index","follow":"follow","max-snippet":"max-snippet:-1","max-image-preview":"max-image-preview:large","max-video-preview":"max-video-preview:-1"},"canonical":"https:\/\/horaireslaposte.com\/info\/achat-timbres-enveloppes\/balance-electronique\/","og_locale":"fr_FR","og_type":"article","og_title":"Balance \u00e9lectronique - Info Business et Entreprise","og_description":"\u00a0 Qu&rsquo;il s&rsquo;agisse de pr\u00e9parer l&rsquo;affranchissement de votre courrier ou de votre colis, une balance \u00e9lectronique sera d&rsquo;une grande utilit\u00e9. En effet, vous pourrez timbrer le tout avant m\u00eame de vous rendre \u00e0 votre bureau de poste, ce qui vous fera gagner un temps tr\u00e8s important. Selon votre utilisation, pensez \u00e0 acheter une balance ad\u00e9quate. ... Lire plus","og_url":"https:\/\/horaireslaposte.com\/info\/achat-timbres-enveloppes\/balance-electronique\/","og_site_name":"Info Business et Entreprise","twitter_card":"summary_large_image","schema":{"@context":"https:\/\/schema.org","@graph":[{"@type":"WebPage","@id":"https:\/\/horaireslaposte.com\/info\/achat-timbres-enveloppes\/balance-electronique\/","url":"https:\/\/horaireslaposte.com\/info\/achat-timbres-enveloppes\/balance-electronique\/","name":"Balance \u00e9lectronique - Info Business et Entreprise","isPartOf":{"@id":"https:\/\/horaireslaposte.com\/info\/#website"},"datePublished":"2014-03-08T19:20:56+00:00","breadcrumb":{"@id":"https:\/\/horaireslaposte.com\/info\/achat-timbres-enveloppes\/balance-electronique\/#breadcrumb"},"inLanguage":"fr-FR","potentialAction":[{"@type":"ReadAction","target":["https:\/\/horaireslaposte.com\/info\/achat-timbres-enveloppes\/balance-electronique\/"]}]},{"@type":"BreadcrumbList","@id":"https:\/\/horaireslaposte.com\/info\/achat-timbres-enveloppes\/balance-electronique\/#breadcrumb","itemListElement":[{"@type":"ListItem","position":1,"name":"Accueil","item":"https:\/\/horaireslaposte.com\/info\/"},{"@type":"ListItem","position":2,"name":"Achat timbres &#038; enveloppes","item":"https:\/\/horaireslaposte.com\/info\/achat-timbres-enveloppes\/"},{"@type":"ListItem","position":3,"name":"Balance \u00e9lectronique"}]},{"@type":"WebSite","@id":"https:\/\/horaireslaposte.com\/info\/#website","url":"https:\/\/horaireslaposte.com\/info\/","name":"Info Business et Entreprise","description":"","publisher":{"@id":"https:\/\/horaireslaposte.com\/info\/#organization"},"potentialAction":[{"@type":"SearchAction","target":{"@type":"EntryPoint","urlTemplate":"https:\/\/horaireslaposte.com\/info\/?s={search_term_string}"},"query-input":{"@type":"PropertyValueSpecification","valueRequired":true,"valueName":"search_term_string"}}],"inLanguage":"fr-FR"},{"@type":"Organization","@id":"https:\/\/horaireslaposte.com\/info\/#organization","name":"Info Business et Entreprise","url":"https:\/\/horaireslaposte.com\/info\/","logo":{"@type":"ImageObject","inLanguage":"fr-FR","@id":"https:\/\/horaireslaposte.com\/info\/#\/schema\/logo\/image\/","url":"https:\/\/horaireslaposte.com\/info\/wp-content\/uploads\/2024\/05\/cropped-Capture-decran-2024-05-20-a-12.31.27.png","contentUrl":"https:\/\/horaireslaposte.com\/info\/wp-content\/uploads\/2024\/05\/cropped-Capture-decran-2024-05-20-a-12.31.27.png","width":346,"height":88,"caption":"Info Business et Entreprise"},"image":{"@id":"https:\/\/horaireslaposte.com\/info\/#\/schema\/logo\/image\/"}}]}},"_links":{"self":[{"href":"https:\/\/horaireslaposte.com\/info\/wp-json\/wp\/v2\/pages\/180","targetHints":{"allow":["GET"]}}],"collection":[{"href":"https:\/\/horaireslaposte.com\/info\/wp-json\/wp\/v2\/pages"}],"about":[{"href":"https:\/\/horaireslaposte.com\/info\/wp-json\/wp\/v2\/types\/page"}],"author":[{"embeddable":true,"href":"https:\/\/horaireslaposte.com\/info\/wp-json\/wp\/v2\/users\/1"}],"replies":[{"embeddable":true,"href":"https:\/\/horaireslaposte.com\/info\/wp-json\/wp\/v2\/comments?post=180"}],"version-history":[{"count":0,"href":"https:\/\/horaireslaposte.com\/info\/wp-json\/wp\/v2\/pages\/180\/revisions"}],"up":[{"embeddable":true,"href":"https:\/\/horaireslaposte.com\/info\/wp-json\/wp\/v2\/pages\/12"}],"wp:attachment":[{"href":"https:\/\/horaireslaposte.com\/info\/wp-json\/wp\/v2\/media?parent=180"}],"curies":[{"name":"wp","href":"https:\/\/api.w.org\/{rel}","templated":true}]}}