{"id":176,"date":"2014-03-08T20:17:16","date_gmt":"2014-03-08T19:17:16","guid":{"rendered":"http:\/\/tarifspostaux.info\/?page_id=176"},"modified":"2014-03-08T20:17:16","modified_gmt":"2014-03-08T19:17:16","slug":"ramette-de-papier","status":"publish","type":"page","link":"https:\/\/horaireslaposte.com\/info\/achat-timbres-enveloppes\/ramette-de-papier\/","title":{"rendered":"Ramette de papier"},"content":{"rendered":"<div class=\"vshopBig\" data-key=\"odwpe\" data-tracking=\"tarifspostaux.info-ramette_papier_a4\" data-keyword=\"ramette papier A4\" style=\"width:100%;\"><\/div>\n<p>\u00a0<script type=\"text\/javascript\" src=\"http:\/\/www.vshop.fr\/js\/freakBig2.js\"><\/script><\/p>\n<p>Les ramettes de papier format A4 sont tr\u00e8s utilis\u00e9es aussi bien par les particuliers que les professionnels. Pensez donc \u00e0 faire vos r\u00e9serves pour pouvoir pr\u00e9parer dans de bonnes conditions vos courriers. Ainsi, vous r\u00e9aliserez un gain de temps important le jour o\u00f9 vous enverrez un pli aussi bien vers la France, qu&rsquo;\u00e0 l&rsquo;international.<\/p>\n","protected":false},"excerpt":{"rendered":"<p>\u00a0 Les ramettes de papier format A4 sont tr\u00e8s utilis\u00e9es aussi bien par les particuliers que les professionnels. Pensez donc \u00e0 faire vos r\u00e9serves pour pouvoir pr\u00e9parer dans de bonnes conditions vos courriers. Ainsi, vous r\u00e9aliserez un gain de temps important le jour o\u00f9 vous enverrez un pli aussi bien vers la France, qu&rsquo;\u00e0 l&rsquo;international.<\/p>\n","protected":false},"author":1,"featured_media":0,"parent":12,"menu_order":0,"comment_status":"closed","ping_status":"closed","template":"page-templates\/full-width.php","meta":{"footnotes":""},"class_list":["post-176","page","type-page","status-publish"],"yoast_head":"<!-- This site is optimized with the Yoast SEO plugin v25.7 - https:\/\/yoast.com\/wordpress\/plugins\/seo\/ -->\n<title>Ramette de papier - Info Business et Entreprise<\/title>\n<meta name=\"robots\" content=\"index, follow, max-snippet:-1, max-image-preview:large, max-video-preview:-1\" \/>\n<link rel=\"canonical\" href=\"https:\/\/horaireslaposte.com\/info\/achat-timbres-enveloppes\/ramette-de-papier\/\" \/>\n<meta property=\"og:locale\" content=\"fr_FR\" \/>\n<meta property=\"og:type\" content=\"article\" \/>\n<meta property=\"og:title\" content=\"Ramette de papier - Info Business et Entreprise\" \/>\n<meta property=\"og:description\" content=\"\u00a0 Les ramettes de papier format A4 sont tr\u00e8s utilis\u00e9es aussi bien par les particuliers que les professionnels. Pensez donc \u00e0 faire vos r\u00e9serves pour pouvoir pr\u00e9parer dans de bonnes conditions vos courriers. Ainsi, vous r\u00e9aliserez un gain de temps important le jour o\u00f9 vous enverrez un pli aussi bien vers la France, qu&rsquo;\u00e0 l&rsquo;international.\" \/>\n<meta property=\"og:url\" content=\"https:\/\/horaireslaposte.com\/info\/achat-timbres-enveloppes\/ramette-de-papier\/\" \/>\n<meta property=\"og:site_name\" content=\"Info Business et Entreprise\" \/>\n<meta name=\"twitter:card\" content=\"summary_large_image\" \/>\n<script type=\"application\/ld+json\" class=\"yoast-schema-graph\">{\"@context\":\"https:\/\/schema.org\",\"@graph\":[{\"@type\":\"WebPage\",\"@id\":\"https:\/\/horaireslaposte.com\/info\/achat-timbres-enveloppes\/ramette-de-papier\/\",\"url\":\"https:\/\/horaireslaposte.com\/info\/achat-timbres-enveloppes\/ramette-de-papier\/\",\"name\":\"Ramette de papier - Info Business et Entreprise\",\"isPartOf\":{\"@id\":\"https:\/\/horaireslaposte.com\/info\/#website\"},\"datePublished\":\"2014-03-08T19:17:16+00:00\",\"breadcrumb\":{\"@id\":\"https:\/\/horaireslaposte.com\/info\/achat-timbres-enveloppes\/ramette-de-papier\/#breadcrumb\"},\"inLanguage\":\"fr-FR\",\"potentialAction\":[{\"@type\":\"ReadAction\",\"target\":[\"https:\/\/horaireslaposte.com\/info\/achat-timbres-enveloppes\/ramette-de-papier\/\"]}]},{\"@type\":\"BreadcrumbList\",\"@id\":\"https:\/\/horaireslaposte.com\/info\/achat-timbres-enveloppes\/ramette-de-papier\/#breadcrumb\",\"itemListElement\":[{\"@type\":\"ListItem\",\"position\":1,\"name\":\"Accueil\",\"item\":\"https:\/\/horaireslaposte.com\/info\/\"},{\"@type\":\"ListItem\",\"position\":2,\"name\":\"Achat timbres &#038; enveloppes\",\"item\":\"https:\/\/horaireslaposte.com\/info\/achat-timbres-enveloppes\/\"},{\"@type\":\"ListItem\",\"position\":3,\"name\":\"Ramette de papier\"}]},{\"@type\":\"WebSite\",\"@id\":\"https:\/\/horaireslaposte.com\/info\/#website\",\"url\":\"https:\/\/horaireslaposte.com\/info\/\",\"name\":\"Info Business et Entreprise\",\"description\":\"\",\"publisher\":{\"@id\":\"https:\/\/horaireslaposte.com\/info\/#organization\"},\"potentialAction\":[{\"@type\":\"SearchAction\",\"target\":{\"@type\":\"EntryPoint\",\"urlTemplate\":\"https:\/\/horaireslaposte.com\/info\/?s={search_term_string}\"},\"query-input\":{\"@type\":\"PropertyValueSpecification\",\"valueRequired\":true,\"valueName\":\"search_term_string\"}}],\"inLanguage\":\"fr-FR\"},{\"@type\":\"Organization\",\"@id\":\"https:\/\/horaireslaposte.com\/info\/#organization\",\"name\":\"Info Business et Entreprise\",\"url\":\"https:\/\/horaireslaposte.com\/info\/\",\"logo\":{\"@type\":\"ImageObject\",\"inLanguage\":\"fr-FR\",\"@id\":\"https:\/\/horaireslaposte.com\/info\/#\/schema\/logo\/image\/\",\"url\":\"https:\/\/horaireslaposte.com\/info\/wp-content\/uploads\/2024\/05\/cropped-Capture-decran-2024-05-20-a-12.31.27.png\",\"contentUrl\":\"https:\/\/horaireslaposte.com\/info\/wp-content\/uploads\/2024\/05\/cropped-Capture-decran-2024-05-20-a-12.31.27.png\",\"width\":346,\"height\":88,\"caption\":\"Info Business et Entreprise\"},\"image\":{\"@id\":\"https:\/\/horaireslaposte.com\/info\/#\/schema\/logo\/image\/\"}}]}<\/script>\n<!-- \/ Yoast SEO plugin. -->","yoast_head_json":{"title":"Ramette de papier - Info Business et Entreprise","robots":{"index":"index","follow":"follow","max-snippet":"max-snippet:-1","max-image-preview":"max-image-preview:large","max-video-preview":"max-video-preview:-1"},"canonical":"https:\/\/horaireslaposte.com\/info\/achat-timbres-enveloppes\/ramette-de-papier\/","og_locale":"fr_FR","og_type":"article","og_title":"Ramette de papier - Info Business et Entreprise","og_description":"\u00a0 Les ramettes de papier format A4 sont tr\u00e8s utilis\u00e9es aussi bien par les particuliers que les professionnels. Pensez donc \u00e0 faire vos r\u00e9serves pour pouvoir pr\u00e9parer dans de bonnes conditions vos courriers. Ainsi, vous r\u00e9aliserez un gain de temps important le jour o\u00f9 vous enverrez un pli aussi bien vers la France, qu&rsquo;\u00e0 l&rsquo;international.","og_url":"https:\/\/horaireslaposte.com\/info\/achat-timbres-enveloppes\/ramette-de-papier\/","og_site_name":"Info Business et Entreprise","twitter_card":"summary_large_image","schema":{"@context":"https:\/\/schema.org","@graph":[{"@type":"WebPage","@id":"https:\/\/horaireslaposte.com\/info\/achat-timbres-enveloppes\/ramette-de-papier\/","url":"https:\/\/horaireslaposte.com\/info\/achat-timbres-enveloppes\/ramette-de-papier\/","name":"Ramette de papier - Info Business et Entreprise","isPartOf":{"@id":"https:\/\/horaireslaposte.com\/info\/#website"},"datePublished":"2014-03-08T19:17:16+00:00","breadcrumb":{"@id":"https:\/\/horaireslaposte.com\/info\/achat-timbres-enveloppes\/ramette-de-papier\/#breadcrumb"},"inLanguage":"fr-FR","potentialAction":[{"@type":"ReadAction","target":["https:\/\/horaireslaposte.com\/info\/achat-timbres-enveloppes\/ramette-de-papier\/"]}]},{"@type":"BreadcrumbList","@id":"https:\/\/horaireslaposte.com\/info\/achat-timbres-enveloppes\/ramette-de-papier\/#breadcrumb","itemListElement":[{"@type":"ListItem","position":1,"name":"Accueil","item":"https:\/\/horaireslaposte.com\/info\/"},{"@type":"ListItem","position":2,"name":"Achat timbres &#038; enveloppes","item":"https:\/\/horaireslaposte.com\/info\/achat-timbres-enveloppes\/"},{"@type":"ListItem","position":3,"name":"Ramette de papier"}]},{"@type":"WebSite","@id":"https:\/\/horaireslaposte.com\/info\/#website","url":"https:\/\/horaireslaposte.com\/info\/","name":"Info Business et Entreprise","description":"","publisher":{"@id":"https:\/\/horaireslaposte.com\/info\/#organization"},"potentialAction":[{"@type":"SearchAction","target":{"@type":"EntryPoint","urlTemplate":"https:\/\/horaireslaposte.com\/info\/?s={search_term_string}"},"query-input":{"@type":"PropertyValueSpecification","valueRequired":true,"valueName":"search_term_string"}}],"inLanguage":"fr-FR"},{"@type":"Organization","@id":"https:\/\/horaireslaposte.com\/info\/#organization","name":"Info Business et Entreprise","url":"https:\/\/horaireslaposte.com\/info\/","logo":{"@type":"ImageObject","inLanguage":"fr-FR","@id":"https:\/\/horaireslaposte.com\/info\/#\/schema\/logo\/image\/","url":"https:\/\/horaireslaposte.com\/info\/wp-content\/uploads\/2024\/05\/cropped-Capture-decran-2024-05-20-a-12.31.27.png","contentUrl":"https:\/\/horaireslaposte.com\/info\/wp-content\/uploads\/2024\/05\/cropped-Capture-decran-2024-05-20-a-12.31.27.png","width":346,"height":88,"caption":"Info Business et Entreprise"},"image":{"@id":"https:\/\/horaireslaposte.com\/info\/#\/schema\/logo\/image\/"}}]}},"_links":{"self":[{"href":"https:\/\/horaireslaposte.com\/info\/wp-json\/wp\/v2\/pages\/176","targetHints":{"allow":["GET"]}}],"collection":[{"href":"https:\/\/horaireslaposte.com\/info\/wp-json\/wp\/v2\/pages"}],"about":[{"href":"https:\/\/horaireslaposte.com\/info\/wp-json\/wp\/v2\/types\/page"}],"author":[{"embeddable":true,"href":"https:\/\/horaireslaposte.com\/info\/wp-json\/wp\/v2\/users\/1"}],"replies":[{"embeddable":true,"href":"https:\/\/horaireslaposte.com\/info\/wp-json\/wp\/v2\/comments?post=176"}],"version-history":[{"count":0,"href":"https:\/\/horaireslaposte.com\/info\/wp-json\/wp\/v2\/pages\/176\/revisions"}],"up":[{"embeddable":true,"href":"https:\/\/horaireslaposte.com\/info\/wp-json\/wp\/v2\/pages\/12"}],"wp:attachment":[{"href":"https:\/\/horaireslaposte.com\/info\/wp-json\/wp\/v2\/media?parent=176"}],"curies":[{"name":"wp","href":"https:\/\/api.w.org\/{rel}","templated":true}]}}