{"id":12165,"date":"2014-02-22T00:05:17","date_gmt":"2014-02-21T23:05:17","guid":{"rendered":"http:\/\/tarifspostaux.info\/?page_id=8"},"modified":"2024-06-20T13:24:21","modified_gmt":"2024-06-20T13:24:21","slug":"colis-france","status":"publish","type":"page","link":"https:\/\/horaireslaposte.com\/info\/colis-france\/","title":{"rendered":"Colis France"},"content":{"rendered":"<div class=\"wp-block-image\">\n<figure class=\"alignleft size-full\"><img loading=\"lazy\" decoding=\"async\" width=\"421\" height=\"285\" src=\"https:\/\/horaireslaposte.com\/info\/wp-content\/uploads\/2024\/06\/carton.jpg\" alt=\"\" class=\"wp-image-12231\" srcset=\"https:\/\/horaireslaposte.com\/info\/wp-content\/uploads\/2024\/06\/carton.jpg 421w, https:\/\/horaireslaposte.com\/info\/wp-content\/uploads\/2024\/06\/carton-300x203.jpg 300w\" sizes=\"auto, (max-width: 421px) 100vw, 421px\" \/><\/figure>\n<\/div>\n\n\n<p>Pour envoyer un colis \u00e0 destination de la France m\u00e9tropolitaine, il existe une multitude de formules propos\u00e9es par La Poste. Selon l&rsquo;objet que vous enverrez et sa valeur, vous devrez vous orienter vers telle ou telle autre solution.<\/p>\n\n\n\n<p>Les deux services les plus couramment utilis\u00e9s sont le <a title=\"Colissimo simple\" href=\"http:\/\/tarifspostaux.info\/colis-france\/colissimo-simple\/\">Colissimo classique<\/a> sans signature et le <a title=\"Colissimo recommand\u00e9\" href=\"http:\/\/tarifspostaux.info\/colis-france\/colissimo-recommande\/\">Colissimo recommand\u00e9<\/a> avec signature, <a href=\"https:\/\/horaireslaposte.com\/info\/tarifs-postaux\/\/\">les tarifs postaux en <\/a>2024\u00a0ne seront pas les m\u00eames.<\/p>\n\n\n\n<p>On peut faire soi-m\u00eame son colis et l&rsquo;affranchir, et on peut aussi acheter un emballage tout pr\u00eat et d\u00e9j\u00e0 affranchi. La premi\u00e8re option vous co\u00fbtera \u00e9videmment moins ch\u00e8re que la seconde.<\/p>\n\n\n\n<p>Que vous utilisiez la livraison en Colissimo classique, ou en Colissimo recommand\u00e9, votre colis arrivera \u00e0 destination en moyenne sous 2 jours ouvr\u00e9s.<\/p>\n","protected":false},"excerpt":{"rendered":"<p>Pour envoyer un colis \u00e0 destination de la France m\u00e9tropolitaine, il existe une multitude de formules propos\u00e9es par La Poste. Selon l&rsquo;objet que vous enverrez et sa valeur, vous devrez vous orienter vers telle ou telle autre solution. Les deux services les plus couramment utilis\u00e9s sont le Colissimo classique sans signature et le Colissimo recommand\u00e9 &#8230; <a title=\"Colis France\" class=\"read-more\" href=\"https:\/\/horaireslaposte.com\/info\/colis-france\/\" aria-label=\"En savoir plus sur Colis France\">Lire plus<\/a><\/p>\n","protected":false},"author":1,"featured_media":0,"parent":0,"menu_order":0,"comment_status":"closed","ping_status":"closed","template":"","meta":{"footnotes":""},"class_list":["post-12165","page","type-page","status-publish"],"yoast_head":"<!-- This site is optimized with the Yoast SEO plugin v25.7 - https:\/\/yoast.com\/wordpress\/plugins\/seo\/ -->\n<title>Colis France - Info Business et Entreprise<\/title>\n<meta name=\"robots\" content=\"index, follow, max-snippet:-1, max-image-preview:large, max-video-preview:-1\" \/>\n<link rel=\"canonical\" href=\"https:\/\/horaireslaposte.com\/info\/colis-france\/\" \/>\n<meta property=\"og:locale\" content=\"fr_FR\" \/>\n<meta property=\"og:type\" content=\"article\" \/>\n<meta property=\"og:title\" content=\"Colis France - Info Business et Entreprise\" \/>\n<meta property=\"og:description\" content=\"Pour envoyer un colis \u00e0 destination de la France m\u00e9tropolitaine, il existe une multitude de formules propos\u00e9es par La Poste. Selon l&rsquo;objet que vous enverrez et sa valeur, vous devrez vous orienter vers telle ou telle autre solution. Les deux services les plus couramment utilis\u00e9s sont le Colissimo classique sans signature et le Colissimo recommand\u00e9 ... Lire plus\" \/>\n<meta property=\"og:url\" content=\"https:\/\/horaireslaposte.com\/info\/colis-france\/\" \/>\n<meta property=\"og:site_name\" content=\"Info Business et Entreprise\" \/>\n<meta property=\"article:modified_time\" content=\"2024-06-20T13:24:21+00:00\" \/>\n<meta property=\"og:image\" content=\"https:\/\/horaireslaposte.com\/info\/wp-content\/uploads\/2024\/06\/carton.jpg\" \/>\n<meta name=\"twitter:card\" content=\"summary_large_image\" \/>\n<script type=\"application\/ld+json\" class=\"yoast-schema-graph\">{\"@context\":\"https:\/\/schema.org\",\"@graph\":[{\"@type\":\"WebPage\",\"@id\":\"https:\/\/horaireslaposte.com\/info\/colis-france\/\",\"url\":\"https:\/\/horaireslaposte.com\/info\/colis-france\/\",\"name\":\"Colis France - Info Business et Entreprise\",\"isPartOf\":{\"@id\":\"https:\/\/horaireslaposte.com\/info\/#website\"},\"primaryImageOfPage\":{\"@id\":\"https:\/\/horaireslaposte.com\/info\/colis-france\/#primaryimage\"},\"image\":{\"@id\":\"https:\/\/horaireslaposte.com\/info\/colis-france\/#primaryimage\"},\"thumbnailUrl\":\"https:\/\/horaireslaposte.com\/info\/wp-content\/uploads\/2024\/06\/carton.jpg\",\"datePublished\":\"2014-02-21T23:05:17+00:00\",\"dateModified\":\"2024-06-20T13:24:21+00:00\",\"breadcrumb\":{\"@id\":\"https:\/\/horaireslaposte.com\/info\/colis-france\/#breadcrumb\"},\"inLanguage\":\"fr-FR\",\"potentialAction\":[{\"@type\":\"ReadAction\",\"target\":[\"https:\/\/horaireslaposte.com\/info\/colis-france\/\"]}]},{\"@type\":\"ImageObject\",\"inLanguage\":\"fr-FR\",\"@id\":\"https:\/\/horaireslaposte.com\/info\/colis-france\/#primaryimage\",\"url\":\"https:\/\/horaireslaposte.com\/info\/wp-content\/uploads\/2024\/06\/carton.jpg\",\"contentUrl\":\"https:\/\/horaireslaposte.com\/info\/wp-content\/uploads\/2024\/06\/carton.jpg\",\"width\":421,\"height\":285},{\"@type\":\"BreadcrumbList\",\"@id\":\"https:\/\/horaireslaposte.com\/info\/colis-france\/#breadcrumb\",\"itemListElement\":[{\"@type\":\"ListItem\",\"position\":1,\"name\":\"Accueil\",\"item\":\"https:\/\/horaireslaposte.com\/info\/\"},{\"@type\":\"ListItem\",\"position\":2,\"name\":\"Colis France\"}]},{\"@type\":\"WebSite\",\"@id\":\"https:\/\/horaireslaposte.com\/info\/#website\",\"url\":\"https:\/\/horaireslaposte.com\/info\/\",\"name\":\"Info Business et Entreprise\",\"description\":\"\",\"publisher\":{\"@id\":\"https:\/\/horaireslaposte.com\/info\/#organization\"},\"potentialAction\":[{\"@type\":\"SearchAction\",\"target\":{\"@type\":\"EntryPoint\",\"urlTemplate\":\"https:\/\/horaireslaposte.com\/info\/?s={search_term_string}\"},\"query-input\":{\"@type\":\"PropertyValueSpecification\",\"valueRequired\":true,\"valueName\":\"search_term_string\"}}],\"inLanguage\":\"fr-FR\"},{\"@type\":\"Organization\",\"@id\":\"https:\/\/horaireslaposte.com\/info\/#organization\",\"name\":\"Info Business et Entreprise\",\"url\":\"https:\/\/horaireslaposte.com\/info\/\",\"logo\":{\"@type\":\"ImageObject\",\"inLanguage\":\"fr-FR\",\"@id\":\"https:\/\/horaireslaposte.com\/info\/#\/schema\/logo\/image\/\",\"url\":\"https:\/\/horaireslaposte.com\/info\/wp-content\/uploads\/2024\/05\/cropped-Capture-decran-2024-05-20-a-12.31.27.png\",\"contentUrl\":\"https:\/\/horaireslaposte.com\/info\/wp-content\/uploads\/2024\/05\/cropped-Capture-decran-2024-05-20-a-12.31.27.png\",\"width\":346,\"height\":88,\"caption\":\"Info Business et Entreprise\"},\"image\":{\"@id\":\"https:\/\/horaireslaposte.com\/info\/#\/schema\/logo\/image\/\"}}]}<\/script>\n<!-- \/ Yoast SEO plugin. -->","yoast_head_json":{"title":"Colis France - Info Business et Entreprise","robots":{"index":"index","follow":"follow","max-snippet":"max-snippet:-1","max-image-preview":"max-image-preview:large","max-video-preview":"max-video-preview:-1"},"canonical":"https:\/\/horaireslaposte.com\/info\/colis-france\/","og_locale":"fr_FR","og_type":"article","og_title":"Colis France - Info Business et Entreprise","og_description":"Pour envoyer un colis \u00e0 destination de la France m\u00e9tropolitaine, il existe une multitude de formules propos\u00e9es par La Poste. Selon l&rsquo;objet que vous enverrez et sa valeur, vous devrez vous orienter vers telle ou telle autre solution. Les deux services les plus couramment utilis\u00e9s sont le Colissimo classique sans signature et le Colissimo recommand\u00e9 ... Lire plus","og_url":"https:\/\/horaireslaposte.com\/info\/colis-france\/","og_site_name":"Info Business et Entreprise","article_modified_time":"2024-06-20T13:24:21+00:00","og_image":[{"url":"https:\/\/horaireslaposte.com\/info\/wp-content\/uploads\/2024\/06\/carton.jpg","type":"","width":"","height":""}],"twitter_card":"summary_large_image","schema":{"@context":"https:\/\/schema.org","@graph":[{"@type":"WebPage","@id":"https:\/\/horaireslaposte.com\/info\/colis-france\/","url":"https:\/\/horaireslaposte.com\/info\/colis-france\/","name":"Colis France - Info Business et Entreprise","isPartOf":{"@id":"https:\/\/horaireslaposte.com\/info\/#website"},"primaryImageOfPage":{"@id":"https:\/\/horaireslaposte.com\/info\/colis-france\/#primaryimage"},"image":{"@id":"https:\/\/horaireslaposte.com\/info\/colis-france\/#primaryimage"},"thumbnailUrl":"https:\/\/horaireslaposte.com\/info\/wp-content\/uploads\/2024\/06\/carton.jpg","datePublished":"2014-02-21T23:05:17+00:00","dateModified":"2024-06-20T13:24:21+00:00","breadcrumb":{"@id":"https:\/\/horaireslaposte.com\/info\/colis-france\/#breadcrumb"},"inLanguage":"fr-FR","potentialAction":[{"@type":"ReadAction","target":["https:\/\/horaireslaposte.com\/info\/colis-france\/"]}]},{"@type":"ImageObject","inLanguage":"fr-FR","@id":"https:\/\/horaireslaposte.com\/info\/colis-france\/#primaryimage","url":"https:\/\/horaireslaposte.com\/info\/wp-content\/uploads\/2024\/06\/carton.jpg","contentUrl":"https:\/\/horaireslaposte.com\/info\/wp-content\/uploads\/2024\/06\/carton.jpg","width":421,"height":285},{"@type":"BreadcrumbList","@id":"https:\/\/horaireslaposte.com\/info\/colis-france\/#breadcrumb","itemListElement":[{"@type":"ListItem","position":1,"name":"Accueil","item":"https:\/\/horaireslaposte.com\/info\/"},{"@type":"ListItem","position":2,"name":"Colis France"}]},{"@type":"WebSite","@id":"https:\/\/horaireslaposte.com\/info\/#website","url":"https:\/\/horaireslaposte.com\/info\/","name":"Info Business et Entreprise","description":"","publisher":{"@id":"https:\/\/horaireslaposte.com\/info\/#organization"},"potentialAction":[{"@type":"SearchAction","target":{"@type":"EntryPoint","urlTemplate":"https:\/\/horaireslaposte.com\/info\/?s={search_term_string}"},"query-input":{"@type":"PropertyValueSpecification","valueRequired":true,"valueName":"search_term_string"}}],"inLanguage":"fr-FR"},{"@type":"Organization","@id":"https:\/\/horaireslaposte.com\/info\/#organization","name":"Info Business et Entreprise","url":"https:\/\/horaireslaposte.com\/info\/","logo":{"@type":"ImageObject","inLanguage":"fr-FR","@id":"https:\/\/horaireslaposte.com\/info\/#\/schema\/logo\/image\/","url":"https:\/\/horaireslaposte.com\/info\/wp-content\/uploads\/2024\/05\/cropped-Capture-decran-2024-05-20-a-12.31.27.png","contentUrl":"https:\/\/horaireslaposte.com\/info\/wp-content\/uploads\/2024\/05\/cropped-Capture-decran-2024-05-20-a-12.31.27.png","width":346,"height":88,"caption":"Info Business et Entreprise"},"image":{"@id":"https:\/\/horaireslaposte.com\/info\/#\/schema\/logo\/image\/"}}]}},"_links":{"self":[{"href":"https:\/\/horaireslaposte.com\/info\/wp-json\/wp\/v2\/pages\/12165","targetHints":{"allow":["GET"]}}],"collection":[{"href":"https:\/\/horaireslaposte.com\/info\/wp-json\/wp\/v2\/pages"}],"about":[{"href":"https:\/\/horaireslaposte.com\/info\/wp-json\/wp\/v2\/types\/page"}],"author":[{"embeddable":true,"href":"https:\/\/horaireslaposte.com\/info\/wp-json\/wp\/v2\/users\/1"}],"replies":[{"embeddable":true,"href":"https:\/\/horaireslaposte.com\/info\/wp-json\/wp\/v2\/comments?post=12165"}],"version-history":[{"count":2,"href":"https:\/\/horaireslaposte.com\/info\/wp-json\/wp\/v2\/pages\/12165\/revisions"}],"predecessor-version":[{"id":12276,"href":"https:\/\/horaireslaposte.com\/info\/wp-json\/wp\/v2\/pages\/12165\/revisions\/12276"}],"wp:attachment":[{"href":"https:\/\/horaireslaposte.com\/info\/wp-json\/wp\/v2\/media?parent=12165"}],"curies":[{"name":"wp","href":"https:\/\/api.w.org\/{rel}","templated":true}]}}