{"id":12,"date":"2014-02-22T00:06:23","date_gmt":"2014-02-21T23:06:23","guid":{"rendered":"http:\/\/tarifspostaux.info\/?page_id=12"},"modified":"2024-06-20T13:21:43","modified_gmt":"2024-06-20T13:21:43","slug":"achat-timbres-enveloppes","status":"publish","type":"page","link":"https:\/\/horaireslaposte.com\/info\/achat-timbres-enveloppes\/","title":{"rendered":"Achat timbres &#038; enveloppes"},"content":{"rendered":"<div class=\"wp-block-image\">\n<figure class=\"aligncenter size-full\"><img loading=\"lazy\" decoding=\"async\" width=\"534\" height=\"329\" src=\"https:\/\/horaireslaposte.com\/info\/wp-content\/uploads\/2024\/06\/prix-du-timbre.jpg\" alt=\"\" class=\"wp-image-12265\" srcset=\"https:\/\/horaireslaposte.com\/info\/wp-content\/uploads\/2024\/06\/prix-du-timbre.jpg 534w, https:\/\/horaireslaposte.com\/info\/wp-content\/uploads\/2024\/06\/prix-du-timbre-300x185.jpg 300w\" sizes=\"auto, (max-width: 534px) 100vw, 534px\" \/><\/figure>\n<\/div>\n\n\n<p>Afin de pr\u00e9parer dans de bonnes conditions vos courriers et colis, vous aurez besoin d&rsquo;un mat\u00e9riel ad\u00e9quat. La pr\u00e9paration aussi bien des courriers que des colis avant d&rsquo;aller \u00e0 La Poste vous fera gagner un temps ph\u00e9nom\u00e9nal (se renseigner sur les <a href=\"\/\">tarifs postaux [year]<\/a>). Pour vos courriers, pensez donc aux produits suivants :<\/p>\n\n\n\n<ul class=\"wp-block-list\">\n<li><a href=\"https:\/\/horaireslaposte.com\/info\/achat-timbres-enveloppes\/ramette-de-papier\/\">Ramettes de papier<\/a><\/li>\n\n\n\n<li><a href=\"https:\/\/horaireslaposte.com\/info\/achat-timbres-enveloppes\/enveloppes\/\">Enveloppes<\/a><\/li>\n\n\n\n<li><a href=\"https:\/\/horaireslaposte.com\/info\/achat-timbres-enveloppes\/balance-electronique\/\">Balance \u00e9lectronique<\/a>.<\/li>\n<\/ul>\n\n\n\n<p>Pour les colis, il vous faudra notamment :<\/p>\n\n\n\n<ul class=\"wp-block-list\">\n<li><a href=\"https:\/\/horaireslaposte.com\/info\/achat-timbres-enveloppes\/enveloppe-bulle\/\">Enveloppe bulle<\/a> ou <a href=\"https:\/\/horaireslaposte.com\/info\/achat-timbres-enveloppes\/carton-colis\/\">carton<\/a><\/li>\n\n\n\n<li><a href=\"https:\/\/horaireslaposte.com\/info\/achat-timbres-enveloppes\/ruban-adhesif\/\">Ruban adh\u00e9sif<\/a><\/li>\n\n\n\n<li><a href=\"https:\/\/horaireslaposte.com\/info\/achat-timbres-enveloppes\/papier-bulle\/\">Papier bulle<\/a><\/li>\n\n\n\n<li><a href=\"https:\/\/horaireslaposte.com\/info\/achat-timbres-enveloppes\/balance-electronique\/\">Balance \u00e9lectronique<\/a><\/li>\n<\/ul>\n\n\n\n<p>Pour conna\u00eetre le prix des timbres et en acheter en ligne, rendez-vous sur la boutique officielle de la Poste.<\/p>\n","protected":false},"excerpt":{"rendered":"<p>Afin de pr\u00e9parer dans de bonnes conditions vos courriers et colis, vous aurez besoin d&rsquo;un mat\u00e9riel ad\u00e9quat. La pr\u00e9paration aussi bien des courriers que des colis avant d&rsquo;aller \u00e0 La Poste vous fera gagner un temps ph\u00e9nom\u00e9nal (se renseigner sur les tarifs postaux [year]). Pour vos courriers, pensez donc aux produits suivants : Pour les &#8230; <a title=\"Achat timbres &#038; enveloppes\" class=\"read-more\" href=\"https:\/\/horaireslaposte.com\/info\/achat-timbres-enveloppes\/\" aria-label=\"En savoir plus sur Achat timbres &#038; enveloppes\">Lire plus<\/a><\/p>\n","protected":false},"author":1,"featured_media":334,"parent":0,"menu_order":0,"comment_status":"closed","ping_status":"closed","template":"","meta":{"footnotes":""},"class_list":["post-12","page","type-page","status-publish","has-post-thumbnail"],"yoast_head":"<!-- This site is optimized with the Yoast SEO plugin v25.7 - https:\/\/yoast.com\/wordpress\/plugins\/seo\/ -->\n<title>Achat timbres &amp; enveloppes - Info Business et Entreprise<\/title>\n<meta name=\"robots\" content=\"index, follow, max-snippet:-1, max-image-preview:large, max-video-preview:-1\" \/>\n<link rel=\"canonical\" href=\"https:\/\/horaireslaposte.com\/info\/achat-timbres-enveloppes\/\" \/>\n<meta property=\"og:locale\" content=\"fr_FR\" \/>\n<meta property=\"og:type\" content=\"article\" \/>\n<meta property=\"og:title\" content=\"Achat timbres &amp; enveloppes - Info Business et Entreprise\" \/>\n<meta property=\"og:description\" content=\"Afin de pr\u00e9parer dans de bonnes conditions vos courriers et colis, vous aurez besoin d&rsquo;un mat\u00e9riel ad\u00e9quat. La pr\u00e9paration aussi bien des courriers que des colis avant d&rsquo;aller \u00e0 La Poste vous fera gagner un temps ph\u00e9nom\u00e9nal (se renseigner sur les tarifs postaux [year]). Pour vos courriers, pensez donc aux produits suivants : Pour les ... Lire plus\" \/>\n<meta property=\"og:url\" content=\"https:\/\/horaireslaposte.com\/info\/achat-timbres-enveloppes\/\" \/>\n<meta property=\"og:site_name\" content=\"Info Business et Entreprise\" \/>\n<meta property=\"article:modified_time\" content=\"2024-06-20T13:21:43+00:00\" \/>\n<meta name=\"twitter:card\" content=\"summary_large_image\" \/>\n<script type=\"application\/ld+json\" class=\"yoast-schema-graph\">{\"@context\":\"https:\/\/schema.org\",\"@graph\":[{\"@type\":\"WebPage\",\"@id\":\"https:\/\/horaireslaposte.com\/info\/achat-timbres-enveloppes\/\",\"url\":\"https:\/\/horaireslaposte.com\/info\/achat-timbres-enveloppes\/\",\"name\":\"Achat timbres & enveloppes - Info Business et Entreprise\",\"isPartOf\":{\"@id\":\"https:\/\/horaireslaposte.com\/info\/#website\"},\"primaryImageOfPage\":{\"@id\":\"https:\/\/horaireslaposte.com\/info\/achat-timbres-enveloppes\/#primaryimage\"},\"image\":{\"@id\":\"https:\/\/horaireslaposte.com\/info\/achat-timbres-enveloppes\/#primaryimage\"},\"thumbnailUrl\":\"\",\"datePublished\":\"2014-02-21T23:06:23+00:00\",\"dateModified\":\"2024-06-20T13:21:43+00:00\",\"breadcrumb\":{\"@id\":\"https:\/\/horaireslaposte.com\/info\/achat-timbres-enveloppes\/#breadcrumb\"},\"inLanguage\":\"fr-FR\",\"potentialAction\":[{\"@type\":\"ReadAction\",\"target\":[\"https:\/\/horaireslaposte.com\/info\/achat-timbres-enveloppes\/\"]}]},{\"@type\":\"ImageObject\",\"inLanguage\":\"fr-FR\",\"@id\":\"https:\/\/horaireslaposte.com\/info\/achat-timbres-enveloppes\/#primaryimage\",\"url\":\"\",\"contentUrl\":\"\"},{\"@type\":\"BreadcrumbList\",\"@id\":\"https:\/\/horaireslaposte.com\/info\/achat-timbres-enveloppes\/#breadcrumb\",\"itemListElement\":[{\"@type\":\"ListItem\",\"position\":1,\"name\":\"Accueil\",\"item\":\"https:\/\/horaireslaposte.com\/info\/\"},{\"@type\":\"ListItem\",\"position\":2,\"name\":\"Achat timbres &#038; enveloppes\"}]},{\"@type\":\"WebSite\",\"@id\":\"https:\/\/horaireslaposte.com\/info\/#website\",\"url\":\"https:\/\/horaireslaposte.com\/info\/\",\"name\":\"Info Business et Entreprise\",\"description\":\"\",\"publisher\":{\"@id\":\"https:\/\/horaireslaposte.com\/info\/#organization\"},\"potentialAction\":[{\"@type\":\"SearchAction\",\"target\":{\"@type\":\"EntryPoint\",\"urlTemplate\":\"https:\/\/horaireslaposte.com\/info\/?s={search_term_string}\"},\"query-input\":{\"@type\":\"PropertyValueSpecification\",\"valueRequired\":true,\"valueName\":\"search_term_string\"}}],\"inLanguage\":\"fr-FR\"},{\"@type\":\"Organization\",\"@id\":\"https:\/\/horaireslaposte.com\/info\/#organization\",\"name\":\"Info Business et Entreprise\",\"url\":\"https:\/\/horaireslaposte.com\/info\/\",\"logo\":{\"@type\":\"ImageObject\",\"inLanguage\":\"fr-FR\",\"@id\":\"https:\/\/horaireslaposte.com\/info\/#\/schema\/logo\/image\/\",\"url\":\"https:\/\/horaireslaposte.com\/info\/wp-content\/uploads\/2024\/05\/cropped-Capture-decran-2024-05-20-a-12.31.27.png\",\"contentUrl\":\"https:\/\/horaireslaposte.com\/info\/wp-content\/uploads\/2024\/05\/cropped-Capture-decran-2024-05-20-a-12.31.27.png\",\"width\":346,\"height\":88,\"caption\":\"Info Business et Entreprise\"},\"image\":{\"@id\":\"https:\/\/horaireslaposte.com\/info\/#\/schema\/logo\/image\/\"}}]}<\/script>\n<!-- \/ Yoast SEO plugin. -->","yoast_head_json":{"title":"Achat timbres & enveloppes - Info Business et Entreprise","robots":{"index":"index","follow":"follow","max-snippet":"max-snippet:-1","max-image-preview":"max-image-preview:large","max-video-preview":"max-video-preview:-1"},"canonical":"https:\/\/horaireslaposte.com\/info\/achat-timbres-enveloppes\/","og_locale":"fr_FR","og_type":"article","og_title":"Achat timbres & enveloppes - Info Business et Entreprise","og_description":"Afin de pr\u00e9parer dans de bonnes conditions vos courriers et colis, vous aurez besoin d&rsquo;un mat\u00e9riel ad\u00e9quat. La pr\u00e9paration aussi bien des courriers que des colis avant d&rsquo;aller \u00e0 La Poste vous fera gagner un temps ph\u00e9nom\u00e9nal (se renseigner sur les tarifs postaux [year]). Pour vos courriers, pensez donc aux produits suivants : Pour les ... Lire plus","og_url":"https:\/\/horaireslaposte.com\/info\/achat-timbres-enveloppes\/","og_site_name":"Info Business et Entreprise","article_modified_time":"2024-06-20T13:21:43+00:00","twitter_card":"summary_large_image","schema":{"@context":"https:\/\/schema.org","@graph":[{"@type":"WebPage","@id":"https:\/\/horaireslaposte.com\/info\/achat-timbres-enveloppes\/","url":"https:\/\/horaireslaposte.com\/info\/achat-timbres-enveloppes\/","name":"Achat timbres & enveloppes - Info Business et Entreprise","isPartOf":{"@id":"https:\/\/horaireslaposte.com\/info\/#website"},"primaryImageOfPage":{"@id":"https:\/\/horaireslaposte.com\/info\/achat-timbres-enveloppes\/#primaryimage"},"image":{"@id":"https:\/\/horaireslaposte.com\/info\/achat-timbres-enveloppes\/#primaryimage"},"thumbnailUrl":"","datePublished":"2014-02-21T23:06:23+00:00","dateModified":"2024-06-20T13:21:43+00:00","breadcrumb":{"@id":"https:\/\/horaireslaposte.com\/info\/achat-timbres-enveloppes\/#breadcrumb"},"inLanguage":"fr-FR","potentialAction":[{"@type":"ReadAction","target":["https:\/\/horaireslaposte.com\/info\/achat-timbres-enveloppes\/"]}]},{"@type":"ImageObject","inLanguage":"fr-FR","@id":"https:\/\/horaireslaposte.com\/info\/achat-timbres-enveloppes\/#primaryimage","url":"","contentUrl":""},{"@type":"BreadcrumbList","@id":"https:\/\/horaireslaposte.com\/info\/achat-timbres-enveloppes\/#breadcrumb","itemListElement":[{"@type":"ListItem","position":1,"name":"Accueil","item":"https:\/\/horaireslaposte.com\/info\/"},{"@type":"ListItem","position":2,"name":"Achat timbres &#038; enveloppes"}]},{"@type":"WebSite","@id":"https:\/\/horaireslaposte.com\/info\/#website","url":"https:\/\/horaireslaposte.com\/info\/","name":"Info Business et Entreprise","description":"","publisher":{"@id":"https:\/\/horaireslaposte.com\/info\/#organization"},"potentialAction":[{"@type":"SearchAction","target":{"@type":"EntryPoint","urlTemplate":"https:\/\/horaireslaposte.com\/info\/?s={search_term_string}"},"query-input":{"@type":"PropertyValueSpecification","valueRequired":true,"valueName":"search_term_string"}}],"inLanguage":"fr-FR"},{"@type":"Organization","@id":"https:\/\/horaireslaposte.com\/info\/#organization","name":"Info Business et Entreprise","url":"https:\/\/horaireslaposte.com\/info\/","logo":{"@type":"ImageObject","inLanguage":"fr-FR","@id":"https:\/\/horaireslaposte.com\/info\/#\/schema\/logo\/image\/","url":"https:\/\/horaireslaposte.com\/info\/wp-content\/uploads\/2024\/05\/cropped-Capture-decran-2024-05-20-a-12.31.27.png","contentUrl":"https:\/\/horaireslaposte.com\/info\/wp-content\/uploads\/2024\/05\/cropped-Capture-decran-2024-05-20-a-12.31.27.png","width":346,"height":88,"caption":"Info Business et Entreprise"},"image":{"@id":"https:\/\/horaireslaposte.com\/info\/#\/schema\/logo\/image\/"}}]}},"_links":{"self":[{"href":"https:\/\/horaireslaposte.com\/info\/wp-json\/wp\/v2\/pages\/12","targetHints":{"allow":["GET"]}}],"collection":[{"href":"https:\/\/horaireslaposte.com\/info\/wp-json\/wp\/v2\/pages"}],"about":[{"href":"https:\/\/horaireslaposte.com\/info\/wp-json\/wp\/v2\/types\/page"}],"author":[{"embeddable":true,"href":"https:\/\/horaireslaposte.com\/info\/wp-json\/wp\/v2\/users\/1"}],"replies":[{"embeddable":true,"href":"https:\/\/horaireslaposte.com\/info\/wp-json\/wp\/v2\/comments?post=12"}],"version-history":[{"count":1,"href":"https:\/\/horaireslaposte.com\/info\/wp-json\/wp\/v2\/pages\/12\/revisions"}],"predecessor-version":[{"id":12272,"href":"https:\/\/horaireslaposte.com\/info\/wp-json\/wp\/v2\/pages\/12\/revisions\/12272"}],"wp:featuredmedia":[{"embeddable":true,"href":"https:\/\/horaireslaposte.com\/info\/wp-json\/"}],"wp:attachment":[{"href":"https:\/\/horaireslaposte.com\/info\/wp-json\/wp\/v2\/media?parent=12"}],"curies":[{"name":"wp","href":"https:\/\/api.w.org\/{rel}","templated":true}]}}